{"id":14553,"date":"2020-10-02T20:55:12","date_gmt":"2020-10-02T20:55:12","guid":{"rendered":"https:\/\/www.reddelvino.com\/en\/?page_id=14553"},"modified":"2020-10-21T17:37:02","modified_gmt":"2020-10-21T17:37:02","slug":"board-of-directors","status":"publish","type":"page","link":"https:\/\/www.reddelvino.com\/cn\/board-of-directors\/","title":{"rendered":"\u8463\u4e8b\u6703"},"content":{"rendered":"<div class=\"wpb-content-wrapper\"><p>[vc_row full_width=&#8221;stretch_row_content_no_spaces&#8221;][vc_column]\r\n\t<div class=\"agrikole-spacer clearfix\" data-desktop=\"100\" data-mobi=\"60\" data-smobi=\"60\"><\/div><div class=\"agrikole-headings clearfix text-center\"  style=\"\"><div class=\"pre-heading clearfix\" style=\"\">\r\n\t\tRED DEL VINO\r\n\t<\/div><h1 class=\"heading clearfix \" style=\"\">\r\n\t\t\u8463\u4e8b\u6703\r\n\t<\/h1><\/div>[\/vc_column][\/vc_row][vc_row][vc_column]\r\n\t<div class=\"agrikole-spacer clearfix\" data-desktop=\"120\" data-mobi=\"80\" data-smobi=\"60\"><\/div>\r\n<div class=\"agrikole-team-grid text-center col-4\" style=\"margin:-20px -15px;\">\r\n\t<div class=\"team-wrap clearfix\">\r\n    <div class=\"team-row clearfix\" style=\"padding:20px 0;\">    \t<div class=\"member-item clearfix style-2\" style=\"padding:0 15px;\">\r\n    \t\t<div class=\"inner\">\r\n    \t\t\t\r\n\t                \t\t\t\t<div class=\"thumb\">\r\n\t    \t\t\t\t<img decoding=\"async\" width=\"270\" height=\"354\" src=\"https:\/\/www.reddelvino.com\/cn\/wp-content\/uploads\/2020\/10\/Gerardo-Orellana-Diaz-270x354.jpg\" class=\"attachment-agrikole-rectangle1 size-agrikole-rectangle1 wp-post-image\" alt=\"Gerardo Orellana D\u00edaz\" srcset=\"https:\/\/www.reddelvino.com\/cn\/wp-content\/uploads\/2020\/10\/Gerardo-Orellana-Diaz-270x354.jpg 270w, https:\/\/www.reddelvino.com\/cn\/wp-content\/uploads\/2020\/10\/Gerardo-Orellana-Diaz-370x484.jpg 370w\" sizes=\"(max-width: 270px) 100vw, 270px\" \/>    \t\t\t\t<\/div><!-- \/.thumb -->\r\n         \t\t\r\n             \t             \t\t<div class=\"text-wrap\">\r\n\t\t\t\t        \t\t\t\t        \t<div class=\"position\" style=\"\">\r\n\t\t\t\t        \tPRESIDENT<\/div>\r\n\t\t\t\t        \r\n\t\t\t\t        \t\t\t\t        \t<h4 class=\"name\" style=\"\">\r\n\t\t\t\t        \tGERARDO ORELLANA<\/h4>\r\n\t\t\t\t        \r\n\t\t\t\t        \r\n\t\t\t\t        \t\t\t        <\/div>\r\n\t\t            \t\t<\/div><!-- \/.inner -->\r\n        <\/div><!-- \/.member-item -->\r\n\t\t\t    \t<div class=\"member-item clearfix style-2\" style=\"padding:0 15px;\">\r\n    \t\t<div class=\"inner\">\r\n    \t\t\t\r\n\t                \t\t\t\t<div class=\"thumb\">\r\n\t    \t\t\t\t<img decoding=\"async\" width=\"270\" height=\"354\" src=\"https:\/\/www.reddelvino.com\/cn\/wp-content\/uploads\/2020\/10\/Rosa-Sanchez-270x354.jpg\" class=\"attachment-agrikole-rectangle1 size-agrikole-rectangle1 wp-post-image\" alt=\"Rosa S\u00e1nchez\" srcset=\"https:\/\/www.reddelvino.com\/cn\/wp-content\/uploads\/2020\/10\/Rosa-Sanchez-270x354.jpg 270w, https:\/\/www.reddelvino.com\/cn\/wp-content\/uploads\/2020\/10\/Rosa-Sanchez-370x484.jpg 370w\" sizes=\"(max-width: 270px) 100vw, 270px\" \/>    \t\t\t\t<\/div><!-- \/.thumb -->\r\n         \t\t\r\n             \t             \t\t<div class=\"text-wrap\">\r\n\t\t\t\t        \t\t\t\t        \t<div class=\"position\" style=\"\">\r\n\t\t\t\t        \tSECRETARY<\/div>\r\n\t\t\t\t        \r\n\t\t\t\t        \t\t\t\t        \t<h4 class=\"name\" style=\"\">\r\n\t\t\t\t        \tROSA SANCHEZ<\/h4>\r\n\t\t\t\t        \r\n\t\t\t\t        \r\n\t\t\t\t        \t\t\t        <\/div>\r\n\t\t            \t\t<\/div><!-- \/.inner -->\r\n        <\/div><!-- \/.member-item -->\r\n\t\t\t    \t<div class=\"member-item clearfix style-2\" style=\"padding:0 15px;\">\r\n    \t\t<div class=\"inner\">\r\n    \t\t\t\r\n\t                \t\t\t\t<div class=\"thumb\">\r\n\t    \t\t\t\t<img decoding=\"async\" width=\"270\" height=\"354\" src=\"https:\/\/www.reddelvino.com\/cn\/wp-content\/uploads\/2020\/10\/Abelardo-Becerra-270x354.jpg\" class=\"attachment-agrikole-rectangle1 size-agrikole-rectangle1 wp-post-image\" alt=\"Abelardo Becerra\" srcset=\"https:\/\/www.reddelvino.com\/cn\/wp-content\/uploads\/2020\/10\/Abelardo-Becerra-270x354.jpg 270w, https:\/\/www.reddelvino.com\/cn\/wp-content\/uploads\/2020\/10\/Abelardo-Becerra-370x484.jpg 370w\" sizes=\"(max-width: 270px) 100vw, 270px\" \/>    \t\t\t\t<\/div><!-- \/.thumb -->\r\n         \t\t\r\n             \t             \t\t<div class=\"text-wrap\">\r\n\t\t\t\t        \t\t\t\t        \t<div class=\"position\" style=\"\">\r\n\t\t\t\t        \tTREASURER<\/div>\r\n\t\t\t\t        \r\n\t\t\t\t        \t\t\t\t        \t<h4 class=\"name\" style=\"\">\r\n\t\t\t\t        \tABELARDO BECERRA<\/h4>\r\n\t\t\t\t        \r\n\t\t\t\t        \r\n\t\t\t\t        \t\t\t        <\/div>\r\n\t\t            \t\t<\/div><!-- \/.inner -->\r\n        <\/div><!-- \/.member-item -->\r\n\t\t\t    \t<div class=\"member-item clearfix style-2\" style=\"padding:0 15px;\">\r\n    \t\t<div class=\"inner\">\r\n    \t\t\t\r\n\t                \t\t\t\t<div class=\"thumb\">\r\n\t    \t\t\t\t<img decoding=\"async\" width=\"270\" height=\"354\" src=\"https:\/\/www.reddelvino.com\/cn\/wp-content\/uploads\/2020\/10\/Luis-Orellana-270x354.jpg\" class=\"attachment-agrikole-rectangle1 size-agrikole-rectangle1 wp-post-image\" alt=\"Luis Orellana\" srcset=\"https:\/\/www.reddelvino.com\/cn\/wp-content\/uploads\/2020\/10\/Luis-Orellana-270x354.jpg 270w, https:\/\/www.reddelvino.com\/cn\/wp-content\/uploads\/2020\/10\/Luis-Orellana-370x484.jpg 370w\" sizes=\"(max-width: 270px) 100vw, 270px\" \/>    \t\t\t\t<\/div><!-- \/.thumb -->\r\n         \t\t\r\n             \t             \t\t<div class=\"text-wrap\">\r\n\t\t\t\t        \t\t\t\t        \t<div class=\"position\" style=\"\">\r\n\t\t\t\t        \tCONTROLLER<\/div>\r\n\t\t\t\t        \r\n\t\t\t\t        \t\t\t\t        \t<h4 class=\"name\" style=\"\">\r\n\t\t\t\t        \tLUIS ORELLANA<\/h4>\r\n\t\t\t\t        \r\n\t\t\t\t        \r\n\t\t\t\t        \t\t\t        <\/div>\r\n\t\t            \t\t<\/div><!-- \/.inner -->\r\n        <\/div><!-- \/.member-item -->\r\n\t\t<\/div>\t<div class=\"team-row clearfix\" style=\"padding:20px 0;\">    \t<div class=\"member-item clearfix style-2\" style=\"padding:0 15px;\">\r\n    \t\t<div class=\"inner\">\r\n    \t\t\t\r\n\t                \t\t\t\t<div class=\"thumb\">\r\n\t    \t\t\t\t<img decoding=\"async\" width=\"270\" height=\"354\" src=\"https:\/\/www.reddelvino.com\/cn\/wp-content\/uploads\/2020\/10\/Gilberto-Lopez-270x354.jpg\" class=\"attachment-agrikole-rectangle1 size-agrikole-rectangle1 wp-post-image\" alt=\"Gilberto Lopez\" srcset=\"https:\/\/www.reddelvino.com\/cn\/wp-content\/uploads\/2020\/10\/Gilberto-Lopez-270x354.jpg 270w, https:\/\/www.reddelvino.com\/cn\/wp-content\/uploads\/2020\/10\/Gilberto-Lopez-370x484.jpg 370w\" sizes=\"(max-width: 270px) 100vw, 270px\" \/>    \t\t\t\t<\/div><!-- \/.thumb -->\r\n         \t\t\r\n             \t             \t\t<div class=\"text-wrap\">\r\n\t\t\t\t        \t\t\t\t        \t<div class=\"position\" style=\"\">\r\n\t\t\t\t        \tSOCIAL COMMISSION<\/div>\r\n\t\t\t\t        \r\n\t\t\t\t        \t\t\t\t        \t<h4 class=\"name\" style=\"\">\r\n\t\t\t\t        \tGILBERTO LOPEZ<\/h4>\r\n\t\t\t\t        \r\n\t\t\t\t        \r\n\t\t\t\t        \t\t\t        <\/div>\r\n\t\t            \t\t<\/div><!-- \/.inner -->\r\n        <\/div><!-- \/.member-item -->\r\n\t\t\t    \t<div class=\"member-item clearfix style-2\" style=\"padding:0 15px;\">\r\n    \t\t<div class=\"inner\">\r\n    \t\t\t\r\n\t                \t\t\t\t<div class=\"thumb\">\r\n\t    \t\t\t\t<img decoding=\"async\" width=\"270\" height=\"354\" src=\"https:\/\/www.reddelvino.com\/cn\/wp-content\/uploads\/2020\/10\/Benito-Castro-Gaete-270x354.jpg\" class=\"attachment-agrikole-rectangle1 size-agrikole-rectangle1 wp-post-image\" alt=\"Benito Castro Gaete\" srcset=\"https:\/\/www.reddelvino.com\/cn\/wp-content\/uploads\/2020\/10\/Benito-Castro-Gaete-270x354.jpg 270w, https:\/\/www.reddelvino.com\/cn\/wp-content\/uploads\/2020\/10\/Benito-Castro-Gaete-370x484.jpg 370w\" sizes=\"(max-width: 270px) 100vw, 270px\" \/>    \t\t\t\t<\/div><!-- \/.thumb -->\r\n         \t\t\r\n             \t             \t\t<div class=\"text-wrap\">\r\n\t\t\t\t        \t\t\t\t        \t<div class=\"position\" style=\"\">\r\n\t\t\t\t        \tSOCIAL COMMISSION<\/div>\r\n\t\t\t\t        \r\n\t\t\t\t        \t\t\t\t        \t<h4 class=\"name\" style=\"\">\r\n\t\t\t\t        \tBENITO CASTRO<\/h4>\r\n\t\t\t\t        \r\n\t\t\t\t        \r\n\t\t\t\t        \t\t\t        <\/div>\r\n\t\t            \t\t<\/div><!-- \/.inner -->\r\n        <\/div><!-- \/.member-item -->\r\n\t\t\t    \t<div class=\"member-item clearfix style-2\" style=\"padding:0 15px;\">\r\n    \t\t<div class=\"inner\">\r\n    \t\t\t\r\n\t                \t\t\t\t<div class=\"thumb\">\r\n\t    \t\t\t\t<img decoding=\"async\" width=\"270\" height=\"354\" src=\"https:\/\/www.reddelvino.com\/cn\/wp-content\/uploads\/2020\/10\/Jaime-Cea-Colchagua-Chile-270x354.jpg\" class=\"attachment-agrikole-rectangle1 size-agrikole-rectangle1 wp-post-image\" alt=\"Jaime Cea\" srcset=\"https:\/\/www.reddelvino.com\/cn\/wp-content\/uploads\/2020\/10\/Jaime-Cea-Colchagua-Chile-270x354.jpg 270w, https:\/\/www.reddelvino.com\/cn\/wp-content\/uploads\/2020\/10\/Jaime-Cea-Colchagua-Chile-370x484.jpg 370w\" sizes=\"(max-width: 270px) 100vw, 270px\" \/>    \t\t\t\t<\/div><!-- \/.thumb -->\r\n         \t\t\r\n             \t             \t\t<div class=\"text-wrap\">\r\n\t\t\t\t        \t\t\t\t        \t<div class=\"position\" style=\"\">\r\n\t\t\t\t        \tENVIRONMENTAL COMMISSION<\/div>\r\n\t\t\t\t        \r\n\t\t\t\t        \t\t\t\t        \t<h4 class=\"name\" style=\"\">\r\n\t\t\t\t        \tJAIME CEA<\/h4>\r\n\t\t\t\t        \r\n\t\t\t\t        \r\n\t\t\t\t        \t\t\t        <\/div>\r\n\t\t            \t\t<\/div><!-- \/.inner -->\r\n        <\/div><!-- \/.member-item -->\r\n\t\t\t    \t<div class=\"member-item clearfix style-2\" style=\"padding:0 15px;\">\r\n    \t\t<div class=\"inner\">\r\n    \t\t\t\r\n\t                \t\t\t\t<div class=\"thumb\">\r\n\t    \t\t\t\t<img decoding=\"async\" width=\"270\" height=\"354\" src=\"https:\/\/www.reddelvino.com\/cn\/wp-content\/uploads\/2020\/10\/Adan-Galvez-Leon-270x354.jpg\" class=\"attachment-agrikole-rectangle1 size-agrikole-rectangle1 wp-post-image\" alt=\"Ad\u00e1n G\u00e1lvez Le\u00f3n\" srcset=\"https:\/\/www.reddelvino.com\/cn\/wp-content\/uploads\/2020\/10\/Adan-Galvez-Leon-270x354.jpg 270w, https:\/\/www.reddelvino.com\/cn\/wp-content\/uploads\/2020\/10\/Adan-Galvez-Leon-370x484.jpg 370w\" sizes=\"(max-width: 270px) 100vw, 270px\" \/>    \t\t\t\t<\/div><!-- \/.thumb -->\r\n         \t\t\r\n             \t             \t\t<div class=\"text-wrap\">\r\n\t\t\t\t        \t\t\t\t        \t<div class=\"position\" style=\"\">\r\n\t\t\t\t        \tENVIRONMENTAL COMMISSION<\/div>\r\n\t\t\t\t        \r\n\t\t\t\t        \t\t\t\t        \t<h4 class=\"name\" style=\"\">\r\n\t\t\t\t        \tADAN GALVEZ<\/h4>\r\n\t\t\t\t        \r\n\t\t\t\t        \r\n\t\t\t\t        \t\t\t        <\/div>\r\n\t\t            \t\t<\/div><!-- \/.inner -->\r\n        <\/div><!-- \/.member-item -->\r\n\t\t<\/div>\t\t\t<\/div><!-- \/.team-wrap -->\r\n<\/div><!-- \/.agrikole-team-grid -->\r\n\r\n\r\n\t<div class=\"agrikole-spacer clearfix\" data-desktop=\"120\" data-mobi=\"80\" data-smobi=\"60\"><\/div>[\/vc_column][\/vc_row][vc_row full_width=&#8221;stretch_row&#8221; css=&#8221;.vc_custom_1602272332044{background-image: url(https:\/\/www.reddelvino.com\/en\/wp-content\/uploads\/2020\/10\/footer-shop-section.jpg?id=15081) !important;background-position: center !important;background-repeat: no-repeat !important;background-size: cover !important;}&#8221;][vc_column]\r\n\t<div class=\"agrikole-spacer clearfix\" data-desktop=\"107\" data-mobi=\"60\" data-smobi=\"60\"><\/div><div class=\"agrikole-headings clearfix text-center\" data-font=50 data-mfont=30 style=\"\"><h2 class=\"heading clearfix \" style=\"color:#ffffff;max-width:860px;margin-left: auto; margin-right: auto;line-height:62px;margin-bottom:18px;font-size:50px;\">\r\n\t\t\u652f\u6301\u516c\u5e73\u8cbf\u6613\u548c\u672c\u5730\u751f\u7522\u5546\r\n\t<\/h2><div class=\"sub-heading clearfix\">\r\n\t\t<h5><span style=\"color: #ffffff;\">\u5728\u8056\u514b\u9b6f\u65af\u667a\u5229\u53c3\u89c0\u6211\u5011\u7684\u8461\u8404\u9152\u5546\u5e97<\/span><\/h5>\n\r\n\t<\/div><\/div>\r\n\t<div class=\"agrikole-spacer clearfix\" data-desktop=\"50\" data-mobi=\"40\" data-smobi=\"40\"><\/div><div class=\"agrikole-align-box  mobi-align-center align-center\"><div class=\"button-wrap icon-right\" style=\"\" ><a href=\"https:\/\/www.google.com\/maps\/place\/Red+Del+Vino\/@-34.6321819,-71.3587514,17.79z\/data=!4m5!3m4!1s0x96646535527b4b79:0xa62645e95a50234c!8m2!3d-34.6324173!4d-71.3579788\" target=\"_blank\" class=\"agrikole-button btn-571206954 medium no_icon accent custom\" style=\"border-radius:5px;\"  data-text=\"#404a3d\" data-text-hover=\"#404a3d\" data-background-hover=\"#ffffff\">\r\n\t\t<span style=\"\">\u65b9\u5411 <\/span>\r\n\t<\/a><\/div><\/div>\r\n\t<div class=\"agrikole-spacer clearfix\" data-desktop=\"120\" data-mobi=\"60\" data-smobi=\"60\"><\/div>[\/vc_column][\/vc_row]<\/p>\n<\/div>","protected":false},"excerpt":{"rendered":"","protected":false},"author":1,"featured_media":15908,"parent":0,"menu_order":0,"comment_status":"closed","ping_status":"closed","template":"","meta":{"footnotes":""},"class_list":["post-14553","page","type-page","status-publish","has-post-thumbnail","hentry"],"_links":{"self":[{"href":"https:\/\/www.reddelvino.com\/cn\/wp-json\/wp\/v2\/pages\/14553","targetHints":{"allow":["GET"]}}],"collection":[{"href":"https:\/\/www.reddelvino.com\/cn\/wp-json\/wp\/v2\/pages"}],"about":[{"href":"https:\/\/www.reddelvino.com\/cn\/wp-json\/wp\/v2\/types\/page"}],"author":[{"embeddable":true,"href":"https:\/\/www.reddelvino.com\/cn\/wp-json\/wp\/v2\/users\/1"}],"replies":[{"embeddable":true,"href":"https:\/\/www.reddelvino.com\/cn\/wp-json\/wp\/v2\/comments?post=14553"}],"version-history":[{"count":4,"href":"https:\/\/www.reddelvino.com\/cn\/wp-json\/wp\/v2\/pages\/14553\/revisions"}],"predecessor-version":[{"id":16095,"href":"https:\/\/www.reddelvino.com\/cn\/wp-json\/wp\/v2\/pages\/14553\/revisions\/16095"}],"wp:featuredmedia":[{"embeddable":true,"href":"https:\/\/www.reddelvino.com\/cn\/wp-json\/wp\/v2\/media\/15908"}],"wp:attachment":[{"href":"https:\/\/www.reddelvino.com\/cn\/wp-json\/wp\/v2\/media?parent=14553"}],"curies":[{"name":"wp","href":"https:\/\/api.w.org\/{rel}","templated":true}]}}