{"id":14532,"date":"2020-10-02T20:05:11","date_gmt":"2020-10-02T23:05:11","guid":{"rendered":"https:\/\/www.reddelvino.com\/en\/?page_id=14532"},"modified":"2020-10-28T13:37:14","modified_gmt":"2020-10-28T16:37:14","slug":"comercio-justo-chile","status":"publish","type":"page","link":"https:\/\/www.reddelvino.com\/es\/comercio-justo-chile\/","title":{"rendered":"COMERCIO JUSTO"},"content":{"rendered":"<div class=\"wpb-content-wrapper\"><p>[vc_row][vc_column]\r\n\t<div class=\"agrikole-spacer clearfix\" data-desktop=\"100\" data-mobi=\"60\" data-smobi=\"60\"><\/div>[vc_row_inner][vc_column_inner width=\u00bb1\/2&#8243;]<div class=\"agrikole-content-box clearfix \" data-padding=\"0px 70px 0px 0px\" data-mobipadding=\"0px 0px 0px 0px\" data-margin=\"\" data-mobimargin=\"\" >\r\n\t\t<div class=\"inner ctb-1044834920\" style=\"\"  data-background=\"\" data-border-style=\"solid\" data-border-style-hover=\"solid\">\r\n\t\t\t<div class=\"agrikole-simple-image simple \" style=\"border-radius:5px;overflow:hidden;\">\r\n\t\t\t\t<img decoding=\"async\" alt=\"image\" src=\"https:\/\/www.reddelvino.com\/es\/wp-content\/uploads\/2020\/10\/Cert-Reddelvino.jpg\" \/> \r\n\t\t\t<\/div>\r\n\t\t<\/div>\r\n\t<\/div>\r\n\t<div class=\"agrikole-spacer clearfix\" data-desktop=\"0\" data-mobi=\"40\" data-smobi=\"40\"><\/div>[\/vc_column_inner][vc_column_inner width=\u00bb1\/2&#8243;]<div class=\"agrikole-headings clearfix \" data-font=60 data-mfont=50 style=\"\"><div class=\"pre-heading clearfix\" style=\"font-weight:600;color:#5b8c51;font-size:14px;letter-spacing:3px;\">\r\n\t\tRED DEL VINO\r\n\t<\/div><h1 class=\"heading clearfix \" style=\"line-height:60px;font-size:60px;\">\r\n\t\tCERTIFICADO DE COMERCIO JUSTO\r\n\t<\/h1><\/div>\r\n\t<div class=\"agrikole-spacer clearfix\" data-desktop=\"40\" data-mobi=\"30\" data-smobi=\"30\"><\/div>[vc_column_text]El comercio justo, definido simplemente, es cuando las empresas de los pa\u00edses desarrollados pagan un precio justo por su trabajo a los productores de los pa\u00edses en desarrollo. Es cuando el precio que pagamos por los productos les da a los productores lo suficiente para que puedan permitirse lo esencial para la vida, como alimentos, educaci\u00f3n y atenci\u00f3n m\u00e9dica.<\/p>\n<p>Los est\u00e1ndares de comercio justo est\u00e1n dise\u00f1ados para reducir la pobreza de los agricultores y trabajadores en los pa\u00edses en desarrollo, mejorar las condiciones de empleo mejorando sus habilidades y condiciones laborales, proteger los derechos de los trabajadores, proporcionar fondos de desarrollo comunitario para empoderar y mejorar sus comunidades y proteger el medio ambiente local. por lo que sus recursos estar\u00e1n all\u00ed para las generaciones futuras.<br \/>\n[\/vc_column_text]\r\n\t<div class=\"agrikole-spacer clearfix\" data-desktop=\"40\" data-mobi=\"30\" data-smobi=\"30\"><\/div>[\/vc_column_inner][\/vc_row_inner][\/vc_column][\/vc_row][vc_row full_width=\u00bbstretch_row\u00bb el_class=\u00bboverflow-visible\u00bb][vc_column]\r\n\t<div class=\"agrikole-spacer clearfix\" data-desktop=\"80\" data-mobi=\"60\" data-smobi=\"60\"><\/div>[vc_row_inner][vc_column_inner width=\u00bb1\/3&#8243;]<div class=\"agrikole-content-box clearfix \" data-padding=\"34px 40px\" data-mobipadding=\"14px 30px\" data-margin=\"\" data-mobimargin=\"\" >\r\n\t\t<div class=\"inner ctb-2042030592\" style=\"\"  data-background=\"#404a3d\" data-rounded=\"5px\" data-border-color=\"rgba(255,255,255,0.15)\" data-border-width=\"1px\" data-border-style=\"solid\" data-border-style-hover=\"solid\" data-translatey=\"-5\">\r\n\t\t\t<div class=\"agrikole-icon-box clearfix icon-left2 align-left hover-style-1 link-hover-accent simple\" style=\"\" ><div class=\"hover\" style=\"\"><\/div><div class=\"wrap-inner\" style=\"position: relative;\"><div class=\"agrikole-icon icon-74386002 icon-font custom custom\"  data-icon=\"#ecdd5e\" data-background=\"\">\r\n\t\t\t<span class=\"icon\" style=\"font-size:62px;border-style:solid;line-height:62px;\"><i class=\"agri-check-list\"><\/i><\/span>\r\n\t\t<\/div> <div class=\"content-wrap\"><h3 class=\"heading  white\" style=\"margin-left:85px;color:#ffffff;font-size:36px;\">\r\n\t\t\t<a href=\"https:\/\/en.wikipedia.org\/wiki\/International_Fairtrade_Certification_Mark\">\r\n\t\t\t\t<span>QUE ES<br \/>\nCOMERCIO JUSTO<\/span>\r\n\t\t\t<\/a>\r\n\t\t<\/h3><\/div><\/div><\/div>\r\n\t\t<\/div>\r\n\t<\/div>\r\n\t<div class=\"agrikole-spacer clearfix\" data-desktop=\"0\" data-mobi=\"30\" data-smobi=\"30\"><\/div>[\/vc_column_inner][vc_column_inner width=\u00bb1\/3&#8243;]<div class=\"agrikole-content-box clearfix \" data-padding=\"34px 40px\" data-mobipadding=\"14px 30px\" data-margin=\"\" data-mobimargin=\"\" >\r\n\t\t<div class=\"inner ctb-87957110\" style=\"\"  data-background=\"#ecdd5e\" data-rounded=\"5px\" data-border-color=\"rgba(255,255,255,0.15)\" data-border-width=\"1px\" data-border-style=\"solid\" data-border-style-hover=\"solid\" data-translatey=\"-5\">\r\n\t\t\t<div class=\"agrikole-icon-box clearfix icon-left2 align-left hover-style-1 link-hover-accent simple\" style=\"\" ><div class=\"hover\" style=\"\"><\/div><div class=\"wrap-inner\" style=\"position: relative;\"><div class=\"agrikole-icon icon-348782436 icon-font custom custom\"  data-icon=\"#404a3d\" data-background=\"\">\r\n\t\t\t<span class=\"icon\" style=\"font-size:62px;border-style:solid;line-height:62px;\"><i class=\"agri-check-list\"><\/i><\/span>\r\n\t\t<\/div> <div class=\"content-wrap\"><h3 class=\"heading \" style=\"margin-left:85px;font-weight:700;color:#404a3d;font-size:36px;\">\r\n\t\t\t<a href=\"https:\/\/en.wikipedia.org\/wiki\/FLOCERT\">\r\n\t\t\t\t<span>QUE ES<br \/>\nFLO CERT<\/span>\r\n\t\t\t<\/a>\r\n\t\t<\/h3><\/div><\/div><\/div>\r\n\t\t<\/div>\r\n\t<\/div>\r\n\t<div class=\"agrikole-spacer clearfix\" data-desktop=\"0\" data-mobi=\"30\" data-smobi=\"30\"><\/div>[\/vc_column_inner][vc_column_inner width=\u00bb1\/3&#8243;]<div class=\"agrikole-content-box clearfix \" data-padding=\"34px 40px\" data-mobipadding=\"14px 30px\" data-margin=\"\" data-mobimargin=\"\" >\r\n\t\t<div class=\"inner ctb-325897976\" style=\"\"  data-background=\"#404a3d\" data-rounded=\"5px\" data-border-color=\"rgba(255,255,255,0.15)\" data-border-width=\"1px\" data-border-style=\"solid\" data-border-style-hover=\"solid\" data-translatey=\"-5\">\r\n\t\t\t<div class=\"agrikole-icon-box clearfix icon-left2 align-left hover-style-1 link-hover-accent simple\" style=\"\" ><div class=\"hover\" style=\"\"><\/div><div class=\"wrap-inner\" style=\"position: relative;\"><div class=\"agrikole-icon icon-262565259 icon-font custom custom\"  data-icon=\"#ecdd5e\" data-background=\"\">\r\n\t\t\t<span class=\"icon\" style=\"font-size:62px;border-style:solid;line-height:62px;\"><i class=\"agri-check-list\"><\/i><\/span>\r\n\t\t<\/div> <div class=\"content-wrap\"><h3 class=\"heading  white\" style=\"margin-left:85px;font-weight:700;color:#ffffff;font-size:36px;\">\r\n\t\t\t<a href=\"https:\/\/www.fairtrade.net\/\">\r\n\t\t\t\t<span>COMERCIO JUSTO<br \/>\nSITIO WEB<\/span>\r\n\t\t\t<\/a>\r\n\t\t<\/h3><\/div><\/div><\/div>\r\n\t\t<\/div>\r\n\t<\/div>\r\n\t<div class=\"agrikole-spacer clearfix\" data-desktop=\"0\" data-mobi=\"30\" data-smobi=\"30\"><\/div>[\/vc_column_inner][\/vc_row_inner]\r\n\t<div class=\"agrikole-spacer clearfix\" data-desktop=\"120\" data-mobi=\"60\" data-smobi=\"60\"><\/div>[\/vc_column][\/vc_row][vc_row full_width=\u00bbstretch_row\u00bb css=\u00bb.vc_custom_1602272332044{background-image: url(https:\/\/www.reddelvino.com\/en\/wp-content\/uploads\/2020\/10\/footer-shop-section.jpg?id=15081) !important;background-position: center !important;background-repeat: no-repeat !important;background-size: cover !important;}\u00bb][vc_column]\r\n\t<div class=\"agrikole-spacer clearfix\" data-desktop=\"107\" data-mobi=\"60\" data-smobi=\"60\"><\/div><div class=\"agrikole-headings clearfix text-center\" data-font=50 data-mfont=30 style=\"\"><h2 class=\"heading clearfix \" style=\"color:#ffffff;max-width:860px;margin-left: auto; margin-right: auto;line-height:62px;margin-bottom:18px;font-size:50px;\">\r\n\t\tAPOYAR EL COMERCIO JUSTO Y LOS PRODUCTORES LOCALES\r\n\t<\/h2><div class=\"sub-heading clearfix\">\r\n\t\t<h5><span style=\"color: #ffffff;\">VISITA NUESTRA TIENDA DE VINOS EN SANTA CRUZ CHILE<\/span><\/h5>\n\r\n\t<\/div><\/div>\r\n\t<div class=\"agrikole-spacer clearfix\" data-desktop=\"50\" data-mobi=\"40\" data-smobi=\"40\"><\/div><div class=\"agrikole-align-box  mobi-align-center align-center\"><div class=\"button-wrap icon-right\" style=\"\" ><a href=\"https:\/\/www.google.com\/maps\/place\/Red+Del+Vino\/@-34.6321819,-71.3587514,17.79z\/data=!4m5!3m4!1s0x96646535527b4b79:0xa62645e95a50234c!8m2!3d-34.6324173!4d-71.3579788\" target=\"_blank\" class=\"agrikole-button btn-259640528 medium no_icon accent custom\" style=\"border-radius:5px;\"  data-text=\"#404a3d\" data-text-hover=\"#404a3d\" data-background-hover=\"#ffffff\">\r\n\t\t<span style=\"\">Direcciones <\/span>\r\n\t<\/a><\/div><\/div>\r\n\t<div class=\"agrikole-spacer clearfix\" data-desktop=\"120\" data-mobi=\"60\" data-smobi=\"60\"><\/div>[\/vc_column][\/vc_row]<\/p>\n<\/div>","protected":false},"excerpt":{"rendered":"","protected":false},"author":1,"featured_media":15905,"parent":0,"menu_order":0,"comment_status":"closed","ping_status":"closed","template":"","meta":{"footnotes":""},"class_list":["post-14532","page","type-page","status-publish","has-post-thumbnail","hentry"],"yoast_head":"<!-- This site is optimized with the Yoast SEO plugin v25.6 - https:\/\/yoast.com\/wordpress\/plugins\/seo\/ -->\n<title>COMERCIO JUSTO - ReddelVino<\/title>\n<meta name=\"robots\" content=\"index, follow, max-snippet:-1, max-image-preview:large, max-video-preview:-1\" \/>\n<link rel=\"canonical\" href=\"https:\/\/www.reddelvino.com\/es\/comercio-justo-chile\/\" \/>\n<meta property=\"og:locale\" content=\"es_ES\" \/>\n<meta property=\"og:type\" content=\"article\" \/>\n<meta property=\"og:title\" content=\"COMERCIO JUSTO - ReddelVino\" \/>\n<meta property=\"og:url\" content=\"https:\/\/www.reddelvino.com\/es\/comercio-justo-chile\/\" \/>\n<meta property=\"og:site_name\" content=\"ReddelVino\" \/>\n<meta property=\"article:modified_time\" content=\"2020-10-28T16:37:14+00:00\" \/>\n<meta property=\"og:image\" content=\"https:\/\/www.reddelvino.com\/es\/wp-content\/uploads\/2020\/10\/Red-del-Vino-Fair-Trade-Chile-Cea.jpg\" \/>\n\t<meta property=\"og:image:width\" content=\"1200\" \/>\n\t<meta property=\"og:image:height\" content=\"628\" \/>\n\t<meta property=\"og:image:type\" content=\"image\/jpeg\" \/>\n<meta name=\"twitter:card\" content=\"summary_large_image\" \/>\n<meta name=\"twitter:label1\" content=\"Tiempo de lectura\" \/>\n\t<meta name=\"twitter:data1\" content=\"4 minutos\" \/>\n<script type=\"application\/ld+json\" class=\"yoast-schema-graph\">{\"@context\":\"https:\/\/schema.org\",\"@graph\":[{\"@type\":\"WebPage\",\"@id\":\"https:\/\/www.reddelvino.com\/es\/comercio-justo-chile\/\",\"url\":\"https:\/\/www.reddelvino.com\/es\/comercio-justo-chile\/\",\"name\":\"COMERCIO JUSTO - ReddelVino\",\"isPartOf\":{\"@id\":\"https:\/\/www.reddelvino.com\/es\/#website\"},\"primaryImageOfPage\":{\"@id\":\"https:\/\/www.reddelvino.com\/es\/comercio-justo-chile\/#primaryimage\"},\"image\":{\"@id\":\"https:\/\/www.reddelvino.com\/es\/comercio-justo-chile\/#primaryimage\"},\"thumbnailUrl\":\"https:\/\/www.reddelvino.com\/es\/wp-content\/uploads\/2020\/10\/Red-del-Vino-Fair-Trade-Chile-Cea.jpg\",\"datePublished\":\"2020-10-02T23:05:11+00:00\",\"dateModified\":\"2020-10-28T16:37:14+00:00\",\"breadcrumb\":{\"@id\":\"https:\/\/www.reddelvino.com\/es\/comercio-justo-chile\/#breadcrumb\"},\"inLanguage\":\"es\",\"potentialAction\":[{\"@type\":\"ReadAction\",\"target\":[\"https:\/\/www.reddelvino.com\/es\/comercio-justo-chile\/\"]}]},{\"@type\":\"ImageObject\",\"inLanguage\":\"es\",\"@id\":\"https:\/\/www.reddelvino.com\/es\/comercio-justo-chile\/#primaryimage\",\"url\":\"https:\/\/www.reddelvino.com\/es\/wp-content\/uploads\/2020\/10\/Red-del-Vino-Fair-Trade-Chile-Cea.jpg\",\"contentUrl\":\"https:\/\/www.reddelvino.com\/es\/wp-content\/uploads\/2020\/10\/Red-del-Vino-Fair-Trade-Chile-Cea.jpg\",\"width\":1200,\"height\":628,\"caption\":\"Fair Trade Chile\"},{\"@type\":\"BreadcrumbList\",\"@id\":\"https:\/\/www.reddelvino.com\/es\/comercio-justo-chile\/#breadcrumb\",\"itemListElement\":[{\"@type\":\"ListItem\",\"position\":1,\"name\":\"Home\",\"item\":\"https:\/\/www.reddelvino.com\/es\/\"},{\"@type\":\"ListItem\",\"position\":2,\"name\":\"COMERCIO JUSTO\"}]},{\"@type\":\"WebSite\",\"@id\":\"https:\/\/www.reddelvino.com\/es\/#website\",\"url\":\"https:\/\/www.reddelvino.com\/es\/\",\"name\":\"ReddelVino\",\"description\":\"\",\"potentialAction\":[{\"@type\":\"SearchAction\",\"target\":{\"@type\":\"EntryPoint\",\"urlTemplate\":\"https:\/\/www.reddelvino.com\/es\/?s={search_term_string}\"},\"query-input\":{\"@type\":\"PropertyValueSpecification\",\"valueRequired\":true,\"valueName\":\"search_term_string\"}}],\"inLanguage\":\"es\"}]}<\/script>\n<!-- \/ Yoast SEO plugin. -->","yoast_head_json":{"title":"COMERCIO JUSTO - ReddelVino","robots":{"index":"index","follow":"follow","max-snippet":"max-snippet:-1","max-image-preview":"max-image-preview:large","max-video-preview":"max-video-preview:-1"},"canonical":"https:\/\/www.reddelvino.com\/es\/comercio-justo-chile\/","og_locale":"es_ES","og_type":"article","og_title":"COMERCIO JUSTO - ReddelVino","og_url":"https:\/\/www.reddelvino.com\/es\/comercio-justo-chile\/","og_site_name":"ReddelVino","article_modified_time":"2020-10-28T16:37:14+00:00","og_image":[{"width":1200,"height":628,"url":"https:\/\/www.reddelvino.com\/es\/wp-content\/uploads\/2020\/10\/Red-del-Vino-Fair-Trade-Chile-Cea.jpg","type":"image\/jpeg"}],"twitter_card":"summary_large_image","twitter_misc":{"Tiempo de lectura":"4 minutos"},"schema":{"@context":"https:\/\/schema.org","@graph":[{"@type":"WebPage","@id":"https:\/\/www.reddelvino.com\/es\/comercio-justo-chile\/","url":"https:\/\/www.reddelvino.com\/es\/comercio-justo-chile\/","name":"COMERCIO JUSTO - ReddelVino","isPartOf":{"@id":"https:\/\/www.reddelvino.com\/es\/#website"},"primaryImageOfPage":{"@id":"https:\/\/www.reddelvino.com\/es\/comercio-justo-chile\/#primaryimage"},"image":{"@id":"https:\/\/www.reddelvino.com\/es\/comercio-justo-chile\/#primaryimage"},"thumbnailUrl":"https:\/\/www.reddelvino.com\/es\/wp-content\/uploads\/2020\/10\/Red-del-Vino-Fair-Trade-Chile-Cea.jpg","datePublished":"2020-10-02T23:05:11+00:00","dateModified":"2020-10-28T16:37:14+00:00","breadcrumb":{"@id":"https:\/\/www.reddelvino.com\/es\/comercio-justo-chile\/#breadcrumb"},"inLanguage":"es","potentialAction":[{"@type":"ReadAction","target":["https:\/\/www.reddelvino.com\/es\/comercio-justo-chile\/"]}]},{"@type":"ImageObject","inLanguage":"es","@id":"https:\/\/www.reddelvino.com\/es\/comercio-justo-chile\/#primaryimage","url":"https:\/\/www.reddelvino.com\/es\/wp-content\/uploads\/2020\/10\/Red-del-Vino-Fair-Trade-Chile-Cea.jpg","contentUrl":"https:\/\/www.reddelvino.com\/es\/wp-content\/uploads\/2020\/10\/Red-del-Vino-Fair-Trade-Chile-Cea.jpg","width":1200,"height":628,"caption":"Fair Trade Chile"},{"@type":"BreadcrumbList","@id":"https:\/\/www.reddelvino.com\/es\/comercio-justo-chile\/#breadcrumb","itemListElement":[{"@type":"ListItem","position":1,"name":"Home","item":"https:\/\/www.reddelvino.com\/es\/"},{"@type":"ListItem","position":2,"name":"COMERCIO JUSTO"}]},{"@type":"WebSite","@id":"https:\/\/www.reddelvino.com\/es\/#website","url":"https:\/\/www.reddelvino.com\/es\/","name":"ReddelVino","description":"","potentialAction":[{"@type":"SearchAction","target":{"@type":"EntryPoint","urlTemplate":"https:\/\/www.reddelvino.com\/es\/?s={search_term_string}"},"query-input":{"@type":"PropertyValueSpecification","valueRequired":true,"valueName":"search_term_string"}}],"inLanguage":"es"}]}},"_links":{"self":[{"href":"https:\/\/www.reddelvino.com\/es\/wp-json\/wp\/v2\/pages\/14532","targetHints":{"allow":["GET"]}}],"collection":[{"href":"https:\/\/www.reddelvino.com\/es\/wp-json\/wp\/v2\/pages"}],"about":[{"href":"https:\/\/www.reddelvino.com\/es\/wp-json\/wp\/v2\/types\/page"}],"author":[{"embeddable":true,"href":"https:\/\/www.reddelvino.com\/es\/wp-json\/wp\/v2\/users\/1"}],"replies":[{"embeddable":true,"href":"https:\/\/www.reddelvino.com\/es\/wp-json\/wp\/v2\/comments?post=14532"}],"version-history":[{"count":5,"href":"https:\/\/www.reddelvino.com\/es\/wp-json\/wp\/v2\/pages\/14532\/revisions"}],"predecessor-version":[{"id":16571,"href":"https:\/\/www.reddelvino.com\/es\/wp-json\/wp\/v2\/pages\/14532\/revisions\/16571"}],"wp:featuredmedia":[{"embeddable":true,"href":"https:\/\/www.reddelvino.com\/es\/wp-json\/wp\/v2\/media\/15905"}],"wp:attachment":[{"href":"https:\/\/www.reddelvino.com\/es\/wp-json\/wp\/v2\/media?parent=14532"}],"curies":[{"name":"wp","href":"https:\/\/api.w.org\/{rel}","templated":true}]}}