{"id":14535,"date":"2020-10-02T20:08:39","date_gmt":"2020-10-02T23:08:39","guid":{"rendered":"https:\/\/www.reddelvino.com\/en\/?page_id=14535"},"modified":"2021-09-24T22:25:51","modified_gmt":"2021-09-25T01:25:51","slug":"turismo-rural-colchagua-chile","status":"publish","type":"page","link":"https:\/\/www.reddelvino.com\/es\/turismo-rural-colchagua-chile\/","title":{"rendered":"TURISMO"},"content":{"rendered":"<div class=\"wpb-content-wrapper\"><p>[vc_row full_width=\u00bbstretch_row\u00bb css=\u00bb.vc_custom_1582272475999{background-color: #eddd5e !important;}\u00bb][vc_column]\r\n\t<div class=\"agrikole-spacer clearfix\" data-desktop=\"110\" data-mobi=\"60\" data-smobi=\"60\"><\/div>[vc_row_inner][vc_column_inner width=\u00bb5\/12&#8243;]<div class=\"agrikole-headings clearfix \" data-font=70 data-mfont=60 style=\"\"><div class=\"pre-heading clearfix\" style=\"font-weight:600;font-size:14px;letter-spacing:3px;\">\r\n\t\tRURAL\r\n\t<\/div><h1 class=\"heading clearfix \" style=\"color:#404a3d;line-height:60px;font-size:70px;\">\r\n\t\tTURISMO\r\n\t<\/h1><\/div>[\/vc_column_inner][vc_column_inner width=\u00bb7\/12&#8243;]\r\n\t<div class=\"agrikole-spacer clearfix\" data-desktop=\"7\" data-mobi=\"7\" data-smobi=\"7\"><\/div><div class=\"agrikole-content-box clearfix \" data-padding=\"0 0 0 20px\" data-mobipadding=\"0 0 0 0\" data-margin=\"\" data-mobimargin=\"\" >\r\n\t\t<div class=\"inner ctb-86394124\" style=\"\"  data-background=\"\" data-border-style=\"solid\" data-border-style-hover=\"solid\">\r\n\t\t\t[vc_column_text]<\/p>\n<div style=\"color: #404a3d;\">\n<p>Red del Vino te invita a vivir una actividad vitivin\u00edcola \u00fanica e inolvidable en el Valle de Colchagua que consiste en \u201cun d\u00eda de viaje\u201d aprendiendo y experimentando la conexi\u00f3n entre el agricultor y la tierra.<\/p>\n<p>Hablaremos de la gesti\u00f3n de la vid, el proceso de elaboraci\u00f3n del vino, el patrimonio arquitect\u00f3nico y el entorno que vive una familia campesina durante su vida. Aprender\u00e1 sobre el paisaje del valle central y podr\u00e1 visitar lugares esc\u00e9nicos como vi\u00f1edos, el campo y monumentos nacionales, junto con la cocina local.<\/p>\n<\/div>\n<p>[\/vc_column_text]\r\n\t\t<\/div>\r\n\t<\/div>[\/vc_column_inner][\/vc_row_inner]\r\n\t<div class=\"agrikole-spacer clearfix\" data-desktop=\"110\" data-mobi=\"60\" data-smobi=\"60\"><\/div>[\/vc_column][\/vc_row][vc_row][vc_column]\r\n\t<div class=\"agrikole-spacer clearfix\" data-desktop=\"100\" data-mobi=\"60\" data-smobi=\"60\"><\/div><div class=\"agrikole-headings clearfix text-center\"  style=\"\"><div class=\"pre-heading clearfix\" style=\"\">\r\n\t\tEXPLORA ESTA HERMOSA REGI\u00d3N DE VINOS\r\n\t<\/div><h2 class=\"heading clearfix \" style=\"margin-bottom:40px;\">\r\n\t\tDESCUBRE EL VALLE DE COLCHAGUA\r\n\t<\/h2><\/div>\r\n\t<div class=\"agrikole-spacer clearfix\" data-desktop=\"60\" data-mobi=\"60\" data-smobi=\"60\"><\/div>[vc_basic_grid post_type=\u00bbpost\u00bb max_items=\u00bb4&#8243; element_width=\u00bb3&#8243; orderby=\u00bbtitle\u00bb order=\u00bbASC\u00bb item=\u00bbmasonryGrid_Default\u00bb grid_id=\u00bbvc_gid:1632533023382-da9c25d6-85bb-5&#8243; taxonomies=\u00bb74&#8243;]\r\n\t<div class=\"agrikole-spacer clearfix\" data-desktop=\"100\" data-mobi=\"60\" data-smobi=\"60\"><\/div>[\/vc_column][\/vc_row][vc_row full_width=\u00bbstretch_row_content\u00bb][vc_column]<div class=\"agrikole-headings clearfix text-center\" data-font=60 data-mfont=50 style=\"\"><div class=\"pre-heading clearfix\" style=\"font-weight:600;color:#5b8c51;font-size:14px;letter-spacing:3px;\">\r\n\t\tTURISMO\r\n\t<\/div><h2 class=\"heading clearfix \" style=\"line-height:60px;font-size:60px;\">\r\n\t\tGaler\u00eda de Fotos\r\n\t<\/h2><\/div>\r\n\t<div class=\"agrikole-spacer clearfix\" data-desktop=\"100\" data-mobi=\"60\" data-smobi=\"60\"><\/div><div class=\"agrikole-content-box clearfix \" data-padding=\"\" data-mobipadding=\"\" data-margin=\"0px 105px 0px 105px\" data-mobimargin=\"0px 0px 0px 0px\" >\r\n\t\t<div class=\"inner ctb-1513622105\" style=\"\"  data-background=\"\" data-border-style=\"solid\" data-border-style-hover=\"solid\">\r\n\t\t\t<div class=\"agrikole-images-grid clearfix\" data-layout=\"mosaic\" data-column=\"4\" data-column2=\"4\" data-column3=\"4\" data-column4=\"2\" data-gaph=\"20\" data-gapv=\"20\"><div id=\"images-wrap\" class=\"cbp\"><div class=\"cbp-item\"><div class=\"item-wrap\" style=\"border-radius:5px;overflow:hidden;\"><a class=\"zoom-popup cbp-lightbox\" href=\"https:\/\/www.reddelvino.com\/es\/wp-content\/uploads\/2020\/10\/Cata-de-Vinos-Santa-Cruz.jpg\"><\/a><img decoding=\"async\" src=\"https:\/\/www.reddelvino.com\/es\/wp-content\/uploads\/2020\/10\/Cata-de-Vinos-Santa-Cruz.jpg\" alt=\"image\" \/><\/div><\/div><div class=\"cbp-item\"><div class=\"item-wrap\" style=\"border-radius:5px;overflow:hidden;\"><a class=\"zoom-popup cbp-lightbox\" href=\"https:\/\/www.reddelvino.com\/es\/wp-content\/uploads\/2020\/10\/Bike-Riding-Santa-Cruz.jpg\"><\/a><img decoding=\"async\" src=\"https:\/\/www.reddelvino.com\/es\/wp-content\/uploads\/2020\/10\/Bike-Riding-Santa-Cruz.jpg\" alt=\"image\" \/><\/div><\/div><div class=\"cbp-item\"><div class=\"item-wrap\" style=\"border-radius:5px;overflow:hidden;\"><a class=\"zoom-popup cbp-lightbox\" href=\"https:\/\/www.reddelvino.com\/es\/wp-content\/uploads\/2020\/10\/Kayak-Colchagua-Chile.jpg\"><\/a><img decoding=\"async\" src=\"https:\/\/www.reddelvino.com\/es\/wp-content\/uploads\/2020\/10\/Kayak-Colchagua-Chile.jpg\" alt=\"image\" \/><\/div><\/div><div class=\"cbp-item\"><div class=\"item-wrap\" style=\"border-radius:5px;overflow:hidden;\"><a class=\"zoom-popup cbp-lightbox\" href=\"https:\/\/www.reddelvino.com\/es\/wp-content\/uploads\/2020\/10\/Red-del-Vino-Tourism-Sign.jpg\"><\/a><img decoding=\"async\" src=\"https:\/\/www.reddelvino.com\/es\/wp-content\/uploads\/2020\/10\/Red-del-Vino-Tourism-Sign.jpg\" alt=\"image\" \/><\/div><\/div><\/div><\/div>\r\n\t\t<\/div>\r\n\t<\/div>\r\n\t<div class=\"agrikole-spacer clearfix\" data-desktop=\"120\" data-mobi=\"60\" data-smobi=\"60\"><\/div>[\/vc_column][\/vc_row][vc_row][vc_column][vc_row_inner][vc_column_inner width=\u00bb1\/2&#8243; halfbg=\u00bbcolor\u00bb halfbg_color=\u00bb#5b8c51&#8243; halfbg_rounded=\u00bb0px 5px 0px 0px\u00bb]\r\n\t<div class=\"agrikole-spacer clearfix\" data-desktop=\"112\" data-mobi=\"60\" data-smobi=\"60\"><\/div><div class=\"agrikole-headings clearfix \" data-font=60 data-mfont=50 style=\"\"><div class=\"pre-heading clearfix\" style=\"font-weight:600;color:#ffffff;font-size:14px;letter-spacing:3px;\">\r\n\t\tNECESITAS M\u00c1S INFORMACI\u00d3N\r\n\t<\/div><h2 class=\"heading clearfix \" style=\"color:#ffffff;line-height:60px;font-size:60px;\">\r\n\t\tCONT\u00c1CTENOS\r\n\t<\/h2><\/div>\r\n\t<div class=\"agrikole-spacer clearfix\" data-desktop=\"56\" data-mobi=\"40\" data-smobi=\"40\"><\/div><div class=\"agrikole-content-box clearfix \" data-padding=\"0px 105px 0px 0px\" data-mobipadding=\"0px 0px 0px 0px\" data-margin=\"\" data-mobimargin=\"\" >\r\n\t\t<div class=\"inner ctb-143640899\" style=\"\"  data-background=\"\" data-border-style=\"solid\" data-border-style-hover=\"solid\">\r\n\t\t\t<div class=\"agrikole-cf7  bg-white btn-accent\">\n<div class=\"wpcf7 no-js\" id=\"wpcf7-f4437-o1\" lang=\"en-US\" dir=\"ltr\" data-wpcf7-id=\"4437\">\n<div class=\"screen-reader-response\"><p role=\"status\" aria-live=\"polite\" aria-atomic=\"true\"><\/p> <ul><\/ul><\/div>\n<form action=\"\/es\/wp-json\/wp\/v2\/pages\/14535#wpcf7-f4437-o1\" method=\"post\" class=\"wpcf7-form init\" aria-label=\"Contact form\" novalidate=\"novalidate\" data-status=\"init\">\n<fieldset class=\"hidden-fields-container\"><input type=\"hidden\" name=\"_wpcf7\" value=\"4437\" \/><input type=\"hidden\" name=\"_wpcf7_version\" value=\"6.1\" \/><input type=\"hidden\" name=\"_wpcf7_locale\" value=\"en_US\" \/><input type=\"hidden\" name=\"_wpcf7_unit_tag\" value=\"wpcf7-f4437-o1\" \/><input type=\"hidden\" name=\"_wpcf7_container_post\" value=\"0\" \/><input type=\"hidden\" name=\"_wpcf7_posted_data_hash\" value=\"\" \/>\n<\/fieldset>\n<div class=\"input-wrap clearfix\">\n\t<div class=\"name-wrap\">\n\t\t<p><span class=\"wpcf7-form-control-wrap\" data-name=\"your-name\"><input size=\"40\" maxlength=\"400\" class=\"wpcf7-form-control wpcf7-text wpcf7-validates-as-required\" aria-required=\"true\" aria-invalid=\"false\" placeholder=\"Nombre\" value=\"\" type=\"text\" name=\"your-name\" \/><\/span>\n\t\t<\/p>\n\t<\/div>\n\t<div class=\"email-wrap\">\n\t\t<p><span class=\"wpcf7-form-control-wrap\" data-name=\"your-email\"><input size=\"40\" maxlength=\"400\" class=\"wpcf7-form-control wpcf7-email wpcf7-validates-as-required wpcf7-text wpcf7-validates-as-email\" aria-required=\"true\" aria-invalid=\"false\" placeholder=\"Correo\" value=\"\" type=\"email\" name=\"your-email\" \/><\/span>\n\t\t<\/p>\n\t<\/div>\n<\/div>\n<div class=\"input-wrap clearfix\">\n\t<div class=\"phone-wrap\">\n\t\t<p><span class=\"wpcf7-form-control-wrap\" data-name=\"your-phone\"><input size=\"40\" maxlength=\"400\" class=\"wpcf7-form-control wpcf7-text\" aria-invalid=\"false\" placeholder=\"Tel\u00e9fono\" value=\"\" type=\"text\" name=\"your-phone\" \/><\/span>\n\t\t<\/p>\n\t<\/div>\n\t<div class=\"subject-wrap\">\n\t\t<p><span class=\"wpcf7-form-control-wrap\" data-name=\"your-subject\"><input size=\"40\" maxlength=\"400\" class=\"wpcf7-form-control wpcf7-text wpcf7-validates-as-required\" aria-required=\"true\" aria-invalid=\"false\" placeholder=\"Asunto\" value=\"\" type=\"text\" name=\"your-subject\" \/><\/span>\n\t\t<\/p>\n\t<\/div>\n<\/div>\n<div class=\"message-wrap\">\n\t<p><span class=\"wpcf7-form-control-wrap\" data-name=\"your-message\"><textarea cols=\"40\" rows=\"10\" maxlength=\"2000\" class=\"wpcf7-form-control wpcf7-textarea\" aria-invalid=\"false\" placeholder=\"Mensaje\" name=\"your-message\"><\/textarea><\/span>\n\t<\/p>\n<\/div>\n<div class=\"submit-wrap\">\n\t<p><span><input class=\"wpcf7-form-control wpcf7-submit has-spinner\" type=\"submit\" value=\"Enviar\" \/><\/span>\n\t<\/p>\n<\/div><div class=\"wpcf7-response-output\" aria-hidden=\"true\"><\/div>\n<\/form>\n<\/div>\n<\/div>\r\n\t\t<\/div>\r\n\t<\/div>\r\n\t<div class=\"agrikole-spacer clearfix\" data-desktop=\"180\" data-mobi=\"180\" data-smobi=\"180\"><\/div>[\/vc_column_inner][vc_column_inner width=\u00bb1\/2&#8243;]\r\n\t<div class=\"agrikole-spacer clearfix\" data-desktop=\"40\" data-mobi=\"40\" data-smobi=\"40\"><\/div><div class=\"agrikole-content-box clearfix  display-flex justify-content-center\" data-padding=\"0px 40px 100px 40px\" data-mobipadding=\"40px 10px 40px 10px\" data-margin=\"\" data-mobimargin=\"\" >\r\n\t\t<div class=\"inner ctb-503425910\" style=\"\"  data-background=\"\" data-border-style=\"solid\" data-border-style-hover=\"solid\">\r\n\t\t\t\r\n<script type=\"text\/javascript\">\r\n    var places = [[-34.632402, -71.357859]];\r\n\r\n    function agrikole_vc_gmap() {\r\n        var mapOptions = {\r\n            scrollwheel: false,\r\n            styles:[{\"featureType\":\"water\",\"elementType\":\"geometry\",\"stylers\":[{\"color\":\"#e9e9e9\"},{\"lightness\":17}]},{\"featureType\":\"landscape\",\"elementType\":\"geometry\",\"stylers\":[{\"color\":\"#f5f5f5\"},{\"lightness\":20}]},{\"featureType\":\"road.highway\",\"elementType\":\"geometry.fill\",\"stylers\":[{\"color\":\"#ffffff\"},{\"lightness\":17}]},{\"featureType\":\"road.highway\",\"elementType\":\"geometry.stroke\",\"stylers\":[{\"color\":\"#ffffff\"},{\"lightness\":29},{\"weight\":0.2}]},{\"featureType\":\"road.arterial\",\"elementType\":\"geometry\",\"stylers\":[{\"color\":\"#ffffff\"},{\"lightness\":18}]},{\"featureType\":\"road.local\",\"elementType\":\"geometry\",\"stylers\":[{\"color\":\"#ffffff\"},{\"lightness\":16}]},{\"featureType\":\"poi\",\"elementType\":\"geometry\",\"stylers\":[{\"color\":\"#f5f5f5\"},{\"lightness\":21}]},{\"featureType\":\"poi.park\",\"elementType\":\"geometry\",\"stylers\":[{\"color\":\"#dedede\"},{\"lightness\":21}]},{\"elementType\":\"labels.text.stroke\",\"stylers\":[{\"visibility\":\"on\"},{\"color\":\"#ffffff\"},{\"lightness\":16}]},{\"elementType\":\"labels.text.fill\",\"stylers\":[{\"saturation\":36},{\"color\":\"#333333\"},{\"lightness\":40}]},{\"elementType\":\"labels.icon\",\"stylers\":[{\"visibility\":\"off\"}]},{\"featureType\":\"transit\",\"elementType\":\"geometry\",\"stylers\":[{\"color\":\"#f2f2f2\"},{\"lightness\":19}]},{\"featureType\":\"administrative\",\"elementType\":\"geometry.fill\",\"stylers\":[{\"color\":\"#fefefe\"},{\"lightness\":20}]},{\"featureType\":\"administrative\",\"elementType\":\"geometry.stroke\",\"stylers\":[{\"color\":\"#fefefe\"},{\"lightness\":17},{\"weight\":1.2}]}],\r\n            draggable: true,\r\n            zoom: 14,\r\n            center: new google.maps.LatLng(-34.632402, -71.357859),\r\n            mapTypeControlOptions: {\r\n                mapTypeIds: [google.maps.MapTypeId.ROADMAP, \"map_style\"]\r\n            }\r\n        }\r\n\r\n        var map = new google.maps.Map( document.getElementById(\"map_69deceb7e64bc\"), mapOptions );\r\n       \r\n        setMarkers( map, places );\r\n    }\r\n\r\n    function setMarkers( map, locations ) {\r\n        for ( var i = 0; i < locations.length; i++ ) {\r\n            var place = locations[i];\r\n            var myLatLng = new google.maps.LatLng( place[0], place[1] );\r\n            var marker = new google.maps.Marker( {\r\n                position: myLatLng,\r\n                map: map,\r\n                icon: \"https:\/\/www.reddelvino.com\/es\/wp-content\/uploads\/2020\/02\/marker.png\",\r\n                zIndex: place[2],\r\n                animation: google.maps.Animation.DROP\r\n            } );\r\n\r\n            google.maps.event.addListener( marker, \"click\", function () {\r\n                infowindow.setContent( decodeURIComponent( this.html ) );\r\n                infowindow.open( map, this );\r\n            } );\r\n        }\r\n    }\r\n\r\n    google.maps.event.addDomListener(window, \"load\", agrikole_vc_gmap);\r\n<\/script><div id=\"map_69deceb7e64bc\" class=\"agrikole-google-map\" style=\"width:350px;height:300px;\"><\/div>\r\n\t<div class=\"agrikole-spacer clearfix\" data-desktop=\"40\" data-mobi=\"35\" data-smobi=\"35\"><\/div><div class=\"agrikole-headings clearfix text-center\" data-font=60 data-mfont=50 style=\"\"><div class=\"pre-heading clearfix\" style=\"font-weight:600;color:#5b8c51;font-size:14px;letter-spacing:3px;\">\r\n\t\tRED DEL VINO\r\n\t<\/div><h2 class=\"heading clearfix \" style=\"line-height:60px;font-size:60px;\">\r\n\t\tOPERADOR TURISTICO\r\n\t<\/h2><\/div>\r\n\t<div class=\"agrikole-spacer clearfix\" data-desktop=\"35\" data-mobi=\"35\" data-smobi=\"35\"><\/div>[vc_column_text]<\/p>\n<div style=\"text-align: center; max-width: 370px; margin: 0 auto;\">La Oficina de Turismo se encuentra en:<\/div>\n<div style=\"text-align: center; max-width: 370px; margin: 0 auto;\">Av Diego Portales 957, Santa Cruz, O&#8217;Higgins<\/div>\n<p>[\/vc_column_text]\r\n\t<div class=\"agrikole-spacer clearfix\" data-desktop=\"42\" data-mobi=\"35\" data-smobi=\"35\"><\/div><div class=\"agrikole-align-box  mobi-align-center align-center\"><div class=\"button-wrap icon-right\" style=\"\" ><a href=\"https:\/\/www.google.com\/maps\/dir\/\/Red+Del+Vino+-+Av+Diego+Portales+957,+Santa+Cruz,+O'Higgins\/@-34.6322251,-71.358235,18z\/data=!4m8!4m7!1m0!1m5!1m1!1s0x96646535527b4b79:0xa62645e95a50234c!2m2!1d-71.3579787!2d-34.6324172\" target=\"_blank\" class=\"agrikole-button btn-1859384321 small no_icon accent custom\" style=\"border-radius:5px;\"  data-text=\"#404a3d\" data-text-hover=\"#ffffff\" data-background-hover=\"#404a3d\">\r\n\t\t<span style=\"\">Direcciones <\/span>\r\n\t<\/a><\/div><\/div>\r\n\t<div class=\"agrikole-spacer clearfix\" data-desktop=\"35\" data-mobi=\"35\" data-smobi=\"35\"><\/div>\r\n\t\t<\/div>\r\n\t<\/div>[\/vc_column_inner][\/vc_row_inner][\/vc_column][\/vc_row]<\/p>\n<\/div>","protected":false},"excerpt":{"rendered":"","protected":false},"author":1,"featured_media":15908,"parent":0,"menu_order":0,"comment_status":"closed","ping_status":"closed","template":"","meta":{"footnotes":""},"class_list":["post-14535","page","type-page","status-publish","has-post-thumbnail","hentry"],"yoast_head":"<!-- This site is optimized with the Yoast SEO plugin v25.6 - https:\/\/yoast.com\/wordpress\/plugins\/seo\/ -->\n<title>TURISMO - ReddelVino<\/title>\n<meta name=\"robots\" content=\"index, follow, max-snippet:-1, max-image-preview:large, max-video-preview:-1\" \/>\n<link rel=\"canonical\" href=\"https:\/\/www.reddelvino.com\/es\/turismo-rural-colchagua-chile\/\" \/>\n<meta property=\"og:locale\" content=\"es_ES\" \/>\n<meta property=\"og:type\" content=\"article\" \/>\n<meta property=\"og:title\" content=\"TURISMO - ReddelVino\" \/>\n<meta property=\"og:url\" content=\"https:\/\/www.reddelvino.com\/es\/turismo-rural-colchagua-chile\/\" \/>\n<meta property=\"og:site_name\" content=\"ReddelVino\" \/>\n<meta property=\"article:modified_time\" content=\"2021-09-25T01:25:51+00:00\" \/>\n<meta property=\"og:image\" content=\"https:\/\/www.reddelvino.com\/es\/wp-content\/uploads\/2020\/10\/Red-del-Vino-Office.jpg\" \/>\n\t<meta property=\"og:image:width\" content=\"1200\" \/>\n\t<meta property=\"og:image:height\" content=\"628\" \/>\n\t<meta property=\"og:image:type\" content=\"image\/jpeg\" \/>\n<meta name=\"twitter:card\" content=\"summary_large_image\" \/>\n<meta name=\"twitter:label1\" content=\"Tiempo de lectura\" \/>\n\t<meta name=\"twitter:data1\" content=\"2 minutos\" \/>\n<script type=\"application\/ld+json\" class=\"yoast-schema-graph\">{\"@context\":\"https:\/\/schema.org\",\"@graph\":[{\"@type\":\"WebPage\",\"@id\":\"https:\/\/www.reddelvino.com\/es\/turismo-rural-colchagua-chile\/\",\"url\":\"https:\/\/www.reddelvino.com\/es\/turismo-rural-colchagua-chile\/\",\"name\":\"TURISMO - ReddelVino\",\"isPartOf\":{\"@id\":\"https:\/\/www.reddelvino.com\/es\/#website\"},\"primaryImageOfPage\":{\"@id\":\"https:\/\/www.reddelvino.com\/es\/turismo-rural-colchagua-chile\/#primaryimage\"},\"image\":{\"@id\":\"https:\/\/www.reddelvino.com\/es\/turismo-rural-colchagua-chile\/#primaryimage\"},\"thumbnailUrl\":\"https:\/\/www.reddelvino.com\/es\/wp-content\/uploads\/2020\/10\/Red-del-Vino-Office.jpg\",\"datePublished\":\"2020-10-02T23:08:39+00:00\",\"dateModified\":\"2021-09-25T01:25:51+00:00\",\"breadcrumb\":{\"@id\":\"https:\/\/www.reddelvino.com\/es\/turismo-rural-colchagua-chile\/#breadcrumb\"},\"inLanguage\":\"es\",\"potentialAction\":[{\"@type\":\"ReadAction\",\"target\":[\"https:\/\/www.reddelvino.com\/es\/turismo-rural-colchagua-chile\/\"]}]},{\"@type\":\"ImageObject\",\"inLanguage\":\"es\",\"@id\":\"https:\/\/www.reddelvino.com\/es\/turismo-rural-colchagua-chile\/#primaryimage\",\"url\":\"https:\/\/www.reddelvino.com\/es\/wp-content\/uploads\/2020\/10\/Red-del-Vino-Office.jpg\",\"contentUrl\":\"https:\/\/www.reddelvino.com\/es\/wp-content\/uploads\/2020\/10\/Red-del-Vino-Office.jpg\",\"width\":1200,\"height\":628,\"caption\":\"Red del Vino Office\"},{\"@type\":\"BreadcrumbList\",\"@id\":\"https:\/\/www.reddelvino.com\/es\/turismo-rural-colchagua-chile\/#breadcrumb\",\"itemListElement\":[{\"@type\":\"ListItem\",\"position\":1,\"name\":\"Home\",\"item\":\"https:\/\/www.reddelvino.com\/es\/\"},{\"@type\":\"ListItem\",\"position\":2,\"name\":\"TURISMO\"}]},{\"@type\":\"WebSite\",\"@id\":\"https:\/\/www.reddelvino.com\/es\/#website\",\"url\":\"https:\/\/www.reddelvino.com\/es\/\",\"name\":\"ReddelVino\",\"description\":\"\",\"potentialAction\":[{\"@type\":\"SearchAction\",\"target\":{\"@type\":\"EntryPoint\",\"urlTemplate\":\"https:\/\/www.reddelvino.com\/es\/?s={search_term_string}\"},\"query-input\":{\"@type\":\"PropertyValueSpecification\",\"valueRequired\":true,\"valueName\":\"search_term_string\"}}],\"inLanguage\":\"es\"}]}<\/script>\n<!-- \/ Yoast SEO plugin. -->","yoast_head_json":{"title":"TURISMO - ReddelVino","robots":{"index":"index","follow":"follow","max-snippet":"max-snippet:-1","max-image-preview":"max-image-preview:large","max-video-preview":"max-video-preview:-1"},"canonical":"https:\/\/www.reddelvino.com\/es\/turismo-rural-colchagua-chile\/","og_locale":"es_ES","og_type":"article","og_title":"TURISMO - ReddelVino","og_url":"https:\/\/www.reddelvino.com\/es\/turismo-rural-colchagua-chile\/","og_site_name":"ReddelVino","article_modified_time":"2021-09-25T01:25:51+00:00","og_image":[{"width":1200,"height":628,"url":"https:\/\/www.reddelvino.com\/es\/wp-content\/uploads\/2020\/10\/Red-del-Vino-Office.jpg","type":"image\/jpeg"}],"twitter_card":"summary_large_image","twitter_misc":{"Tiempo de lectura":"2 minutos"},"schema":{"@context":"https:\/\/schema.org","@graph":[{"@type":"WebPage","@id":"https:\/\/www.reddelvino.com\/es\/turismo-rural-colchagua-chile\/","url":"https:\/\/www.reddelvino.com\/es\/turismo-rural-colchagua-chile\/","name":"TURISMO - ReddelVino","isPartOf":{"@id":"https:\/\/www.reddelvino.com\/es\/#website"},"primaryImageOfPage":{"@id":"https:\/\/www.reddelvino.com\/es\/turismo-rural-colchagua-chile\/#primaryimage"},"image":{"@id":"https:\/\/www.reddelvino.com\/es\/turismo-rural-colchagua-chile\/#primaryimage"},"thumbnailUrl":"https:\/\/www.reddelvino.com\/es\/wp-content\/uploads\/2020\/10\/Red-del-Vino-Office.jpg","datePublished":"2020-10-02T23:08:39+00:00","dateModified":"2021-09-25T01:25:51+00:00","breadcrumb":{"@id":"https:\/\/www.reddelvino.com\/es\/turismo-rural-colchagua-chile\/#breadcrumb"},"inLanguage":"es","potentialAction":[{"@type":"ReadAction","target":["https:\/\/www.reddelvino.com\/es\/turismo-rural-colchagua-chile\/"]}]},{"@type":"ImageObject","inLanguage":"es","@id":"https:\/\/www.reddelvino.com\/es\/turismo-rural-colchagua-chile\/#primaryimage","url":"https:\/\/www.reddelvino.com\/es\/wp-content\/uploads\/2020\/10\/Red-del-Vino-Office.jpg","contentUrl":"https:\/\/www.reddelvino.com\/es\/wp-content\/uploads\/2020\/10\/Red-del-Vino-Office.jpg","width":1200,"height":628,"caption":"Red del Vino Office"},{"@type":"BreadcrumbList","@id":"https:\/\/www.reddelvino.com\/es\/turismo-rural-colchagua-chile\/#breadcrumb","itemListElement":[{"@type":"ListItem","position":1,"name":"Home","item":"https:\/\/www.reddelvino.com\/es\/"},{"@type":"ListItem","position":2,"name":"TURISMO"}]},{"@type":"WebSite","@id":"https:\/\/www.reddelvino.com\/es\/#website","url":"https:\/\/www.reddelvino.com\/es\/","name":"ReddelVino","description":"","potentialAction":[{"@type":"SearchAction","target":{"@type":"EntryPoint","urlTemplate":"https:\/\/www.reddelvino.com\/es\/?s={search_term_string}"},"query-input":{"@type":"PropertyValueSpecification","valueRequired":true,"valueName":"search_term_string"}}],"inLanguage":"es"}]}},"_links":{"self":[{"href":"https:\/\/www.reddelvino.com\/es\/wp-json\/wp\/v2\/pages\/14535","targetHints":{"allow":["GET"]}}],"collection":[{"href":"https:\/\/www.reddelvino.com\/es\/wp-json\/wp\/v2\/pages"}],"about":[{"href":"https:\/\/www.reddelvino.com\/es\/wp-json\/wp\/v2\/types\/page"}],"author":[{"embeddable":true,"href":"https:\/\/www.reddelvino.com\/es\/wp-json\/wp\/v2\/users\/1"}],"replies":[{"embeddable":true,"href":"https:\/\/www.reddelvino.com\/es\/wp-json\/wp\/v2\/comments?post=14535"}],"version-history":[{"count":7,"href":"https:\/\/www.reddelvino.com\/es\/wp-json\/wp\/v2\/pages\/14535\/revisions"}],"predecessor-version":[{"id":17121,"href":"https:\/\/www.reddelvino.com\/es\/wp-json\/wp\/v2\/pages\/14535\/revisions\/17121"}],"wp:featuredmedia":[{"embeddable":true,"href":"https:\/\/www.reddelvino.com\/es\/wp-json\/wp\/v2\/media\/15908"}],"wp:attachment":[{"href":"https:\/\/www.reddelvino.com\/es\/wp-json\/wp\/v2\/media?parent=14535"}],"curies":[{"name":"wp","href":"https:\/\/api.w.org\/{rel}","templated":true}]}}