{"id":14560,"date":"2020-10-02T20:57:55","date_gmt":"2020-10-02T23:57:55","guid":{"rendered":"https:\/\/www.reddelvino.com\/en\/?page_id=14560"},"modified":"2020-11-13T15:07:19","modified_gmt":"2020-11-13T18:07:19","slug":"responsabilidad-social","status":"publish","type":"page","link":"https:\/\/www.reddelvino.com\/es\/responsabilidad-social\/","title":{"rendered":"RESPONSABILIDAD SOCIAL"},"content":{"rendered":"<div class=\"wpb-content-wrapper\"><p>[vc_row full_width=\u00bbstretch_row\u00bb css=\u00bb.vc_custom_1582272475999{background-color: #eddd5e !important;}\u00bb][vc_column]\r\n\t<div class=\"agrikole-spacer clearfix\" data-desktop=\"110\" data-mobi=\"60\" data-smobi=\"60\"><\/div>[vc_row_inner][vc_column_inner width=\u00bb5\/12&#8243;]<div class=\"agrikole-headings clearfix \" data-font=70 data-mfont=60 style=\"\"><div class=\"pre-heading clearfix\" style=\"font-weight:600;font-size:14px;letter-spacing:3px;\">\r\n\t\tRED DEL VINO\r\n\t<\/div><h1 class=\"heading clearfix \" style=\"color:#404a3d;line-height:60px;font-size:70px;\">\r\n\t\tRESPONSABILIDAD SOCIAL\r\n\t<\/h1><\/div>[\/vc_column_inner][vc_column_inner width=\u00bb7\/12&#8243;]\r\n\t<div class=\"agrikole-spacer clearfix\" data-desktop=\"7\" data-mobi=\"7\" data-smobi=\"7\"><\/div><div class=\"agrikole-content-box clearfix \" data-padding=\"0 0 0 20px\" data-mobipadding=\"0 0 0 0\" data-margin=\"\" data-mobimargin=\"\" >\r\n\t\t<div class=\"inner ctb-562679722\" style=\"\"  data-background=\"\" data-border-style=\"solid\" data-border-style-hover=\"solid\">\r\n\t\t\t[vc_column_text]<\/p>\n<div style=\"color: #404a3d;\">Red del Vino en el Valle de Colchagua, Chile se compromete a ayudar a los peque\u00f1os productores de vino, sus familias y la preservaci\u00f3n de su cultura. Nuestra misi\u00f3n es contribuir tambi\u00e9n a mejorar la calidad de vida en las comunidades rurales de Chile.<\/div>\n<p>[\/vc_column_text]\r\n\t\t<\/div>\r\n\t<\/div>[\/vc_column_inner][\/vc_row_inner]\r\n\t<div class=\"agrikole-spacer clearfix\" data-desktop=\"110\" data-mobi=\"60\" data-smobi=\"60\"><\/div>[\/vc_column][\/vc_row][vc_row full_width=\u00bbstretch_row\u00bb][vc_column]\r\n\t<div class=\"agrikole-spacer clearfix\" data-desktop=\"112\" data-mobi=\"60\" data-smobi=\"60\"><\/div><div class=\"agrikole-grid-box clearfix grid3 border-light v-30 h-15 no-border-wrap\" data-grid=\"3\" >\r\n\t\t<div class=\"agrikole-image-box clearfix style-1 text-center\" style=\"\" >\r\n        <div class=\"item\">\r\n            <div class=\"inner\">\r\n                <div class=\"thumb\" style=\"border-radius:105px; overflow:hidden;width:210px;margin: 0 auto;\"> <img decoding=\"async\" width=\"300\" height=\"300\" src=\"https:\/\/www.reddelvino.com\/es\/wp-content\/uploads\/2020\/10\/RDV-Fair-Wages.jpg\" class=\"attachment-full size-full\" alt=\"Fair Wages\" srcset=\"https:\/\/www.reddelvino.com\/es\/wp-content\/uploads\/2020\/10\/RDV-Fair-Wages.jpg 300w, https:\/\/www.reddelvino.com\/es\/wp-content\/uploads\/2020\/10\/RDV-Fair-Wages-150x150.jpg 150w, https:\/\/www.reddelvino.com\/es\/wp-content\/uploads\/2020\/10\/RDV-Fair-Wages-140x140.jpg 140w\" sizes=\"(max-width: 300px) 100vw, 300px\" \/><\/div>\r\n                <div class=\"text-wrap \" style=\"\">\r\n                    <h3 class=\"title\" style=\"font-weight:700;font-size:30px;line-height:34px;margin-top:26px;\">\r\n        SALARIO<br \/>\nJUSTO\r\n    <\/h3> <div class=\"desc\" style=\"\"><p>La Certificaci\u00f3n FLO Fairtrade asegura que nuestros productores de vino reciben un precio justo por sus uvas, lo que a su vez les brinda la oportunidad de mejorar las vidas de sus familias y su comunidad.<\/p>\n<\/div> \r\n                <\/div>\r\n            <\/div>\r\n        <\/div>\r\n    <\/div><div class=\"agrikole-image-box clearfix style-1 text-center\" style=\"\" >\r\n        <div class=\"item\">\r\n            <div class=\"inner\">\r\n                <div class=\"thumb\" style=\"border-radius:105px; overflow:hidden;width:210px;margin: 0 auto;\"> <img decoding=\"async\" width=\"300\" height=\"300\" src=\"https:\/\/www.reddelvino.com\/es\/wp-content\/uploads\/2020\/10\/RDV-Training-Programs.jpg\" class=\"attachment-full size-full\" alt=\"Training Program\" srcset=\"https:\/\/www.reddelvino.com\/es\/wp-content\/uploads\/2020\/10\/RDV-Training-Programs.jpg 300w, https:\/\/www.reddelvino.com\/es\/wp-content\/uploads\/2020\/10\/RDV-Training-Programs-150x150.jpg 150w, https:\/\/www.reddelvino.com\/es\/wp-content\/uploads\/2020\/10\/RDV-Training-Programs-140x140.jpg 140w\" sizes=\"(max-width: 300px) 100vw, 300px\" \/><\/div>\r\n                <div class=\"text-wrap \" style=\"\">\r\n                    <h3 class=\"title\" style=\"font-weight:700;font-size:30px;line-height:34px;margin-top:26px;\">\r\n        EDUCACI\u00d3N<br \/>\nCONTINUA\r\n    <\/h3> <div class=\"desc\" style=\"\"><p>Ayudamos a nuestros productores de vino evaluando sus necesidades y brind\u00e1ndoles oportunidades de capacitaci\u00f3n continua para administrar y operar mejor sus vi\u00f1edos.<\/p>\n<\/div> \r\n                <\/div>\r\n            <\/div>\r\n        <\/div>\r\n    <\/div><div class=\"agrikole-image-box clearfix style-1 text-center\" style=\"\" >\r\n        <div class=\"item\">\r\n            <div class=\"inner\">\r\n                <div class=\"thumb\" style=\"border-radius:105px; overflow:hidden;width:210px;margin: 0 auto;\"> <img decoding=\"async\" width=\"300\" height=\"300\" src=\"https:\/\/www.reddelvino.com\/es\/wp-content\/uploads\/2020\/10\/RDV-Working-Rural-Communities.jpg\" class=\"attachment-full size-full\" alt=\"Working Rural Communities\" srcset=\"https:\/\/www.reddelvino.com\/es\/wp-content\/uploads\/2020\/10\/RDV-Working-Rural-Communities.jpg 300w, https:\/\/www.reddelvino.com\/es\/wp-content\/uploads\/2020\/10\/RDV-Working-Rural-Communities-150x150.jpg 150w, https:\/\/www.reddelvino.com\/es\/wp-content\/uploads\/2020\/10\/RDV-Working-Rural-Communities-140x140.jpg 140w\" sizes=\"(max-width: 300px) 100vw, 300px\" \/><\/div>\r\n                <div class=\"text-wrap \" style=\"\">\r\n                    <h3 class=\"title\" style=\"font-weight:700;font-size:30px;line-height:34px;margin-top:26px;\">\r\n        CONSTRUYENDO UNA COMUNIDAD\r\n    <\/h3> <div class=\"desc\" style=\"\"><p>Nuestros productores de vino son parte integral de las comunidades rurales del Valle de Colchagua. Como parte de esa comunidad, Red del Vino siempre est\u00e1 buscando formas de construir comunidades m\u00e1s fuertes.<\/p>\n<\/div> \r\n                <\/div>\r\n            <\/div>\r\n        <\/div>\r\n    <\/div>\n\r\n\t<\/div>\r\n\t<div class=\"agrikole-spacer clearfix\" data-desktop=\"80\" data-mobi=\"30\" data-smobi=\"30\"><\/div><div class=\"agrikole-divider divider-center divider-solid\" style=\"border-top-color:#f5f0e9;\"><\/div><div class=\"clearfix\"><\/div>\r\n\t<div class=\"agrikole-spacer clearfix\" data-desktop=\"80\" data-mobi=\"30\" data-smobi=\"30\"><\/div><div class=\"agrikole-grid-box clearfix grid3 border-light v-30 h-15 no-border-wrap\" data-grid=\"3\" >\r\n\t\t<div class=\"agrikole-image-box clearfix style-1 text-center\" style=\"\" >\r\n        <div class=\"item\">\r\n            <div class=\"inner\">\r\n                <div class=\"thumb\" style=\"border-radius:105px; overflow:hidden;width:210px;margin: 0 auto;\"> <img decoding=\"async\" width=\"300\" height=\"300\" src=\"https:\/\/www.reddelvino.com\/es\/wp-content\/uploads\/2020\/10\/RDV-Community-Outreach.jpg\" class=\"attachment-full size-full\" alt=\"Community Outreach\" srcset=\"https:\/\/www.reddelvino.com\/es\/wp-content\/uploads\/2020\/10\/RDV-Community-Outreach.jpg 300w, https:\/\/www.reddelvino.com\/es\/wp-content\/uploads\/2020\/10\/RDV-Community-Outreach-150x150.jpg 150w, https:\/\/www.reddelvino.com\/es\/wp-content\/uploads\/2020\/10\/RDV-Community-Outreach-140x140.jpg 140w\" sizes=\"(max-width: 300px) 100vw, 300px\" \/><\/div>\r\n                <div class=\"text-wrap \" style=\"\">\r\n                    <h3 class=\"title\" style=\"font-weight:700;font-size:30px;line-height:34px;margin-top:26px;\">\r\n        COMUNIDADES DE APOYO\r\n    <\/h3> <div class=\"desc\" style=\"\"><p>Red del Vino tiene una orgullosa historia de ayudar en la regi\u00f3n. Participamos activamente en eventos comunitarios, festivales, programas de ayuda y brindamos apoyo en cat\u00e1strofes como el terremoto de 2010.<\/p>\n<\/div> \r\n                <\/div>\r\n            <\/div>\r\n        <\/div>\r\n    <\/div><div class=\"agrikole-image-box clearfix style-1 text-center\" style=\"\" >\r\n        <div class=\"item\">\r\n            <div class=\"inner\">\r\n                <div class=\"thumb\" style=\"border-radius:105px; overflow:hidden;width:210px;margin: 0 auto;\"> <img decoding=\"async\" width=\"300\" height=\"300\" src=\"https:\/\/www.reddelvino.com\/es\/wp-content\/uploads\/2020\/10\/RDV-Chilean-Culture.jpg\" class=\"attachment-full size-full\" alt=\"Chiean Culture\" srcset=\"https:\/\/www.reddelvino.com\/es\/wp-content\/uploads\/2020\/10\/RDV-Chilean-Culture.jpg 300w, https:\/\/www.reddelvino.com\/es\/wp-content\/uploads\/2020\/10\/RDV-Chilean-Culture-150x150.jpg 150w, https:\/\/www.reddelvino.com\/es\/wp-content\/uploads\/2020\/10\/RDV-Chilean-Culture-140x140.jpg 140w\" sizes=\"(max-width: 300px) 100vw, 300px\" \/><\/div>\r\n                <div class=\"text-wrap \" style=\"\">\r\n                    <h3 class=\"title\" style=\"font-weight:700;font-size:30px;line-height:34px;margin-top:26px;\">\r\n        CULTURAL<br \/>\nPATRIMONIO\r\n    <\/h3> <div class=\"desc\" style=\"\"><p>Preservar y promover nuestro patrimonio cultural es un factor clave para mantener nuestras tradiciones y es la piedra angular de nuestro \u00e9xito. Red del Vino est\u00e1 trabajando activamente para documentar la historia de vida de nuestros productores de vino y compartirla con el mundo.<\/p>\n<\/div> \r\n                <\/div>\r\n            <\/div>\r\n        <\/div>\r\n    <\/div><div class=\"agrikole-image-box clearfix style-1 text-center\" style=\"\" >\r\n        <div class=\"item\">\r\n            <div class=\"inner\">\r\n                <div class=\"thumb\" style=\"border-radius:105px; overflow:hidden;width:210px;margin: 0 auto;\"> <img decoding=\"async\" width=\"300\" height=\"300\" src=\"https:\/\/www.reddelvino.com\/es\/wp-content\/uploads\/2020\/10\/RDV-Promoting-Fair-Trade.jpg\" class=\"attachment-full size-full\" alt=\"Promoting Fair Trade\" srcset=\"https:\/\/www.reddelvino.com\/es\/wp-content\/uploads\/2020\/10\/RDV-Promoting-Fair-Trade.jpg 300w, https:\/\/www.reddelvino.com\/es\/wp-content\/uploads\/2020\/10\/RDV-Promoting-Fair-Trade-150x150.jpg 150w, https:\/\/www.reddelvino.com\/es\/wp-content\/uploads\/2020\/10\/RDV-Promoting-Fair-Trade-140x140.jpg 140w\" sizes=\"(max-width: 300px) 100vw, 300px\" \/><\/div>\r\n                <div class=\"text-wrap \" style=\"\">\r\n                    <h3 class=\"title\" style=\"font-weight:700;font-size:30px;line-height:34px;margin-top:26px;\">\r\n        PROMOVIENDO<br \/>\nCOMERCIO JUSTO\r\n    <\/h3> <div class=\"desc\" style=\"\"><p>Parte de la certificaci\u00f3n Fairtrade es educar al p\u00fablico sobre la importancia de Fairtrade y su impacto en nuestros productores de vino. Red del Vino promueve continuamente Fairtrade a nivel local e internacional a trav\u00e9s de sus eventos de presentaci\u00f3n y networking.<\/p>\n<\/div> \r\n                <\/div>\r\n            <\/div>\r\n        <\/div>\r\n    <\/div>\n\r\n\t<\/div>\r\n\t<div class=\"agrikole-spacer clearfix\" data-desktop=\"120\" data-mobi=\"60\" data-smobi=\"60\"><\/div>[\/vc_column][\/vc_row][vc_row full_width=\u00bbstretch_row\u00bb css=\u00bb.vc_custom_1602272332044{background-image: url(https:\/\/www.reddelvino.com\/en\/wp-content\/uploads\/2020\/10\/footer-shop-section.jpg?id=15081) !important;background-position: center !important;background-repeat: no-repeat !important;background-size: cover !important;}\u00bb][vc_column]\r\n\t<div class=\"agrikole-spacer clearfix\" data-desktop=\"107\" data-mobi=\"60\" data-smobi=\"60\"><\/div><div class=\"agrikole-headings clearfix text-center\" data-font=50 data-mfont=30 style=\"\"><h2 class=\"heading clearfix \" style=\"color:#ffffff;max-width:860px;margin-left: auto; margin-right: auto;line-height:62px;margin-bottom:18px;font-size:50px;\">\r\n\t\tAPOYAR EL COMERCIO JUSTO Y LOS PRODUCTORES LOCALES\r\n\t<\/h2><div class=\"sub-heading clearfix\">\r\n\t\t<h5><span style=\"color: #ffffff;\">VISITA NUESTRA TIENDA DE VINOS EN SANTA CRUZ CHILE<\/span><\/h5>\n\r\n\t<\/div><\/div>\r\n\t<div class=\"agrikole-spacer clearfix\" data-desktop=\"50\" data-mobi=\"40\" data-smobi=\"40\"><\/div><div class=\"agrikole-align-box  mobi-align-center align-center\"><div class=\"button-wrap icon-right\" style=\"\" ><a href=\"https:\/\/www.google.com\/maps\/place\/Red+Del+Vino\/@-34.6321819,-71.3587514,17.79z\/data=!4m5!3m4!1s0x96646535527b4b79:0xa62645e95a50234c!8m2!3d-34.6324173!4d-71.3579788\" target=\"_blank\" class=\"agrikole-button btn-823191202 medium no_icon accent custom\" style=\"border-radius:5px;\"  data-text=\"#404a3d\" data-text-hover=\"#404a3d\" data-background-hover=\"#ffffff\">\r\n\t\t<span style=\"\">Direcciones <\/span>\r\n\t<\/a><\/div><\/div>\r\n\t<div class=\"agrikole-spacer clearfix\" data-desktop=\"120\" data-mobi=\"60\" data-smobi=\"60\"><\/div>[\/vc_column][\/vc_row]<\/p>\n<\/div>","protected":false},"excerpt":{"rendered":"","protected":false},"author":1,"featured_media":15909,"parent":0,"menu_order":0,"comment_status":"closed","ping_status":"closed","template":"","meta":{"footnotes":""},"class_list":["post-14560","page","type-page","status-publish","has-post-thumbnail","hentry"],"yoast_head":"<!-- This site is optimized with the Yoast SEO plugin v25.6 - https:\/\/yoast.com\/wordpress\/plugins\/seo\/ -->\n<title>RESPONSABILIDAD SOCIAL - ReddelVino<\/title>\n<meta name=\"robots\" content=\"index, follow, max-snippet:-1, max-image-preview:large, max-video-preview:-1\" \/>\n<link rel=\"canonical\" href=\"https:\/\/www.reddelvino.com\/es\/responsabilidad-social\/\" \/>\n<meta property=\"og:locale\" content=\"es_ES\" \/>\n<meta property=\"og:type\" content=\"article\" \/>\n<meta property=\"og:title\" content=\"RESPONSABILIDAD SOCIAL - ReddelVino\" \/>\n<meta property=\"og:url\" content=\"https:\/\/www.reddelvino.com\/es\/responsabilidad-social\/\" \/>\n<meta property=\"og:site_name\" content=\"ReddelVino\" \/>\n<meta property=\"article:modified_time\" content=\"2020-11-13T18:07:19+00:00\" \/>\n<meta property=\"og:image\" content=\"https:\/\/www.reddelvino.com\/es\/wp-content\/uploads\/2020\/10\/Red-del-Vino-Vendimia.jpg\" \/>\n\t<meta property=\"og:image:width\" content=\"1200\" \/>\n\t<meta property=\"og:image:height\" content=\"628\" \/>\n\t<meta property=\"og:image:type\" content=\"image\/jpeg\" \/>\n<meta name=\"twitter:card\" content=\"summary_large_image\" \/>\n<meta name=\"twitter:label1\" content=\"Tiempo de lectura\" \/>\n\t<meta name=\"twitter:data1\" content=\"4 minutos\" \/>\n<script type=\"application\/ld+json\" class=\"yoast-schema-graph\">{\"@context\":\"https:\/\/schema.org\",\"@graph\":[{\"@type\":\"WebPage\",\"@id\":\"https:\/\/www.reddelvino.com\/es\/responsabilidad-social\/\",\"url\":\"https:\/\/www.reddelvino.com\/es\/responsabilidad-social\/\",\"name\":\"RESPONSABILIDAD SOCIAL - ReddelVino\",\"isPartOf\":{\"@id\":\"https:\/\/www.reddelvino.com\/es\/#website\"},\"primaryImageOfPage\":{\"@id\":\"https:\/\/www.reddelvino.com\/es\/responsabilidad-social\/#primaryimage\"},\"image\":{\"@id\":\"https:\/\/www.reddelvino.com\/es\/responsabilidad-social\/#primaryimage\"},\"thumbnailUrl\":\"https:\/\/www.reddelvino.com\/es\/wp-content\/uploads\/2020\/10\/Red-del-Vino-Vendimia.jpg\",\"datePublished\":\"2020-10-02T23:57:55+00:00\",\"dateModified\":\"2020-11-13T18:07:19+00:00\",\"breadcrumb\":{\"@id\":\"https:\/\/www.reddelvino.com\/es\/responsabilidad-social\/#breadcrumb\"},\"inLanguage\":\"es\",\"potentialAction\":[{\"@type\":\"ReadAction\",\"target\":[\"https:\/\/www.reddelvino.com\/es\/responsabilidad-social\/\"]}]},{\"@type\":\"ImageObject\",\"inLanguage\":\"es\",\"@id\":\"https:\/\/www.reddelvino.com\/es\/responsabilidad-social\/#primaryimage\",\"url\":\"https:\/\/www.reddelvino.com\/es\/wp-content\/uploads\/2020\/10\/Red-del-Vino-Vendimia.jpg\",\"contentUrl\":\"https:\/\/www.reddelvino.com\/es\/wp-content\/uploads\/2020\/10\/Red-del-Vino-Vendimia.jpg\",\"width\":1200,\"height\":628,\"caption\":\"Red del Vino Vendimia\"},{\"@type\":\"BreadcrumbList\",\"@id\":\"https:\/\/www.reddelvino.com\/es\/responsabilidad-social\/#breadcrumb\",\"itemListElement\":[{\"@type\":\"ListItem\",\"position\":1,\"name\":\"Home\",\"item\":\"https:\/\/www.reddelvino.com\/es\/\"},{\"@type\":\"ListItem\",\"position\":2,\"name\":\"RESPONSABILIDAD SOCIAL\"}]},{\"@type\":\"WebSite\",\"@id\":\"https:\/\/www.reddelvino.com\/es\/#website\",\"url\":\"https:\/\/www.reddelvino.com\/es\/\",\"name\":\"ReddelVino\",\"description\":\"\",\"potentialAction\":[{\"@type\":\"SearchAction\",\"target\":{\"@type\":\"EntryPoint\",\"urlTemplate\":\"https:\/\/www.reddelvino.com\/es\/?s={search_term_string}\"},\"query-input\":{\"@type\":\"PropertyValueSpecification\",\"valueRequired\":true,\"valueName\":\"search_term_string\"}}],\"inLanguage\":\"es\"}]}<\/script>\n<!-- \/ Yoast SEO plugin. -->","yoast_head_json":{"title":"RESPONSABILIDAD SOCIAL - ReddelVino","robots":{"index":"index","follow":"follow","max-snippet":"max-snippet:-1","max-image-preview":"max-image-preview:large","max-video-preview":"max-video-preview:-1"},"canonical":"https:\/\/www.reddelvino.com\/es\/responsabilidad-social\/","og_locale":"es_ES","og_type":"article","og_title":"RESPONSABILIDAD SOCIAL - ReddelVino","og_url":"https:\/\/www.reddelvino.com\/es\/responsabilidad-social\/","og_site_name":"ReddelVino","article_modified_time":"2020-11-13T18:07:19+00:00","og_image":[{"width":1200,"height":628,"url":"https:\/\/www.reddelvino.com\/es\/wp-content\/uploads\/2020\/10\/Red-del-Vino-Vendimia.jpg","type":"image\/jpeg"}],"twitter_card":"summary_large_image","twitter_misc":{"Tiempo de lectura":"4 minutos"},"schema":{"@context":"https:\/\/schema.org","@graph":[{"@type":"WebPage","@id":"https:\/\/www.reddelvino.com\/es\/responsabilidad-social\/","url":"https:\/\/www.reddelvino.com\/es\/responsabilidad-social\/","name":"RESPONSABILIDAD SOCIAL - ReddelVino","isPartOf":{"@id":"https:\/\/www.reddelvino.com\/es\/#website"},"primaryImageOfPage":{"@id":"https:\/\/www.reddelvino.com\/es\/responsabilidad-social\/#primaryimage"},"image":{"@id":"https:\/\/www.reddelvino.com\/es\/responsabilidad-social\/#primaryimage"},"thumbnailUrl":"https:\/\/www.reddelvino.com\/es\/wp-content\/uploads\/2020\/10\/Red-del-Vino-Vendimia.jpg","datePublished":"2020-10-02T23:57:55+00:00","dateModified":"2020-11-13T18:07:19+00:00","breadcrumb":{"@id":"https:\/\/www.reddelvino.com\/es\/responsabilidad-social\/#breadcrumb"},"inLanguage":"es","potentialAction":[{"@type":"ReadAction","target":["https:\/\/www.reddelvino.com\/es\/responsabilidad-social\/"]}]},{"@type":"ImageObject","inLanguage":"es","@id":"https:\/\/www.reddelvino.com\/es\/responsabilidad-social\/#primaryimage","url":"https:\/\/www.reddelvino.com\/es\/wp-content\/uploads\/2020\/10\/Red-del-Vino-Vendimia.jpg","contentUrl":"https:\/\/www.reddelvino.com\/es\/wp-content\/uploads\/2020\/10\/Red-del-Vino-Vendimia.jpg","width":1200,"height":628,"caption":"Red del Vino Vendimia"},{"@type":"BreadcrumbList","@id":"https:\/\/www.reddelvino.com\/es\/responsabilidad-social\/#breadcrumb","itemListElement":[{"@type":"ListItem","position":1,"name":"Home","item":"https:\/\/www.reddelvino.com\/es\/"},{"@type":"ListItem","position":2,"name":"RESPONSABILIDAD SOCIAL"}]},{"@type":"WebSite","@id":"https:\/\/www.reddelvino.com\/es\/#website","url":"https:\/\/www.reddelvino.com\/es\/","name":"ReddelVino","description":"","potentialAction":[{"@type":"SearchAction","target":{"@type":"EntryPoint","urlTemplate":"https:\/\/www.reddelvino.com\/es\/?s={search_term_string}"},"query-input":{"@type":"PropertyValueSpecification","valueRequired":true,"valueName":"search_term_string"}}],"inLanguage":"es"}]}},"_links":{"self":[{"href":"https:\/\/www.reddelvino.com\/es\/wp-json\/wp\/v2\/pages\/14560","targetHints":{"allow":["GET"]}}],"collection":[{"href":"https:\/\/www.reddelvino.com\/es\/wp-json\/wp\/v2\/pages"}],"about":[{"href":"https:\/\/www.reddelvino.com\/es\/wp-json\/wp\/v2\/types\/page"}],"author":[{"embeddable":true,"href":"https:\/\/www.reddelvino.com\/es\/wp-json\/wp\/v2\/users\/1"}],"replies":[{"embeddable":true,"href":"https:\/\/www.reddelvino.com\/es\/wp-json\/wp\/v2\/comments?post=14560"}],"version-history":[{"count":5,"href":"https:\/\/www.reddelvino.com\/es\/wp-json\/wp\/v2\/pages\/14560\/revisions"}],"predecessor-version":[{"id":16758,"href":"https:\/\/www.reddelvino.com\/es\/wp-json\/wp\/v2\/pages\/14560\/revisions\/16758"}],"wp:featuredmedia":[{"embeddable":true,"href":"https:\/\/www.reddelvino.com\/es\/wp-json\/wp\/v2\/media\/15909"}],"wp:attachment":[{"href":"https:\/\/www.reddelvino.com\/es\/wp-json\/wp\/v2\/media?parent=14560"}],"curies":[{"name":"wp","href":"https:\/\/api.w.org\/{rel}","templated":true}]}}