{"id":16153,"date":"2020-10-18T11:52:49","date_gmt":"2020-10-18T14:52:49","guid":{"rendered":"https:\/\/www.reddelvino.com\/neo\/?post_type=product&#038;p=16153"},"modified":"2021-07-31T13:08:13","modified_gmt":"2021-07-31T17:08:13","slug":"campesino-chardonnay-gran-reserva","status":"publish","type":"product","link":"https:\/\/www.reddelvino.com\/es\/vino-artesanal\/campesino-chardonnay-gran-reserva\/","title":{"rendered":"CAMPESINO CHARDONNAY GRAN RESERVA"},"content":{"rendered":"","protected":false},"excerpt":{"rendered":"<p>Vista: Color carm\u00edn muy intenso, de capa media alta, vino joven, limpio y brillante.<\/p>\n<p>Aromas: Frutas como Cerezas, ciruelas maduras y moras, posee un aroma vegetal a pimiento rojo maduro, notas de mermelada y espinacas.<\/p>\n<p>En boca: buen volumen en boca, con taninos maduros y balanceados que aportan suavidad, A la vez es un vino f\u00e1cil de beber y de buena acidez, que da pas\u00f3 a un prolongado y persistente final.<\/p>\n<p>Maridaje: Variedad ideal para acompa\u00f1ar guisados y estofados (de carnes suaves en sabor y textura) y guisos de verduras. Aunque tambi\u00e9n puede acompa\u00f1ar pastas y pizzas con salsas de mismos ingredientes. maridaje de comida tipica el pastel de choclo y empanadas de pino.<\/p>\n<p>Temperatura de servicio: 16 \u00b0 y 18\u00b0<\/p>\n","protected":false},"featured_media":16477,"template":"","meta":[],"product_brand":[],"product_cat":[75],"product_tag":[89],"class_list":{"0":"post-16153","1":"product","2":"type-product","3":"status-publish","4":"has-post-thumbnail","6":"product_cat-campesino","7":"product_tag-chardonnay","9":"first","10":"instock","11":"shipping-taxable","12":"purchasable","13":"product-type-simple"},"yoast_head":"<!-- This site is optimized with the Yoast SEO plugin v25.6 - https:\/\/yoast.com\/wordpress\/plugins\/seo\/ -->\n<title>CAMPESINO CHARDONNAY GRAN RESERVA - ReddelVino<\/title>\n<meta name=\"robots\" content=\"index, follow, max-snippet:-1, max-image-preview:large, max-video-preview:-1\" \/>\n<link rel=\"canonical\" href=\"https:\/\/www.reddelvino.com\/es\/vino-artesanal\/campesino-chardonnay-gran-reserva\/\" \/>\n<meta property=\"og:locale\" content=\"es_ES\" \/>\n<meta property=\"og:type\" content=\"article\" \/>\n<meta property=\"og:title\" content=\"CAMPESINO CHARDONNAY GRAN RESERVA - ReddelVino\" \/>\n<meta property=\"og:description\" content=\"Vista: Color carm\u00edn muy intenso, de capa media alta, vino joven, limpio y brillante.  Aromas: Frutas como Cerezas, ciruelas maduras y moras, posee un aroma vegetal a pimiento rojo maduro, notas de mermelada y espinacas.  En boca: buen volumen en boca, con taninos maduros y balanceados que aportan suavidad, A la vez es un vino f\u00e1cil de beber y de buena acidez, que da pas\u00f3 a un prolongado y persistente final.  Maridaje: Variedad ideal para acompa\u00f1ar guisados y estofados (de carnes suaves en sabor y textura) y guisos de verduras. Aunque tambi\u00e9n puede acompa\u00f1ar pastas y pizzas con salsas de mismos ingredientes. maridaje de comida tipica el pastel de choclo y empanadas de pino.  Temperatura de servicio: 16 \u00b0 y 18\u00b0\" \/>\n<meta property=\"og:url\" content=\"https:\/\/www.reddelvino.com\/es\/vino-artesanal\/campesino-chardonnay-gran-reserva\/\" \/>\n<meta property=\"og:site_name\" content=\"ReddelVino\" \/>\n<meta property=\"article:modified_time\" content=\"2021-07-31T17:08:13+00:00\" \/>\n<meta property=\"og:image\" content=\"https:\/\/www.reddelvino.com\/es\/wp-content\/uploads\/2020\/10\/Campesino-Chardonay-Gran-Reserva-2000.jpg\" \/>\n\t<meta property=\"og:image:width\" content=\"2000\" \/>\n\t<meta property=\"og:image:height\" content=\"2000\" \/>\n\t<meta property=\"og:image:type\" content=\"image\/jpeg\" \/>\n<meta name=\"twitter:card\" content=\"summary_large_image\" \/>\n<script type=\"application\/ld+json\" class=\"yoast-schema-graph\">{\"@context\":\"https:\/\/schema.org\",\"@graph\":[{\"@type\":\"WebPage\",\"@id\":\"https:\/\/www.reddelvino.com\/es\/vino-artesanal\/campesino-chardonnay-gran-reserva\/\",\"url\":\"https:\/\/www.reddelvino.com\/es\/vino-artesanal\/campesino-chardonnay-gran-reserva\/\",\"name\":\"CAMPESINO CHARDONNAY GRAN RESERVA - ReddelVino\",\"isPartOf\":{\"@id\":\"https:\/\/www.reddelvino.com\/es\/#website\"},\"primaryImageOfPage\":{\"@id\":\"https:\/\/www.reddelvino.com\/es\/vino-artesanal\/campesino-chardonnay-gran-reserva\/#primaryimage\"},\"image\":{\"@id\":\"https:\/\/www.reddelvino.com\/es\/vino-artesanal\/campesino-chardonnay-gran-reserva\/#primaryimage\"},\"thumbnailUrl\":\"https:\/\/www.reddelvino.com\/es\/wp-content\/uploads\/2020\/10\/Campesino-Chardonay-Gran-Reserva-2000.jpg\",\"datePublished\":\"2020-10-18T14:52:49+00:00\",\"dateModified\":\"2021-07-31T17:08:13+00:00\",\"breadcrumb\":{\"@id\":\"https:\/\/www.reddelvino.com\/es\/vino-artesanal\/campesino-chardonnay-gran-reserva\/#breadcrumb\"},\"inLanguage\":\"es\",\"potentialAction\":[{\"@type\":\"ReadAction\",\"target\":[\"https:\/\/www.reddelvino.com\/es\/vino-artesanal\/campesino-chardonnay-gran-reserva\/\"]}]},{\"@type\":\"ImageObject\",\"inLanguage\":\"es\",\"@id\":\"https:\/\/www.reddelvino.com\/es\/vino-artesanal\/campesino-chardonnay-gran-reserva\/#primaryimage\",\"url\":\"https:\/\/www.reddelvino.com\/es\/wp-content\/uploads\/2020\/10\/Campesino-Chardonay-Gran-Reserva-2000.jpg\",\"contentUrl\":\"https:\/\/www.reddelvino.com\/es\/wp-content\/uploads\/2020\/10\/Campesino-Chardonay-Gran-Reserva-2000.jpg\",\"width\":2000,\"height\":2000,\"caption\":\"Campesino Chardonnay Gran Reserva\"},{\"@type\":\"BreadcrumbList\",\"@id\":\"https:\/\/www.reddelvino.com\/es\/vino-artesanal\/campesino-chardonnay-gran-reserva\/#breadcrumb\",\"itemListElement\":[{\"@type\":\"ListItem\",\"position\":1,\"name\":\"Home\",\"item\":\"https:\/\/www.reddelvino.com\/es\/\"},{\"@type\":\"ListItem\",\"position\":2,\"name\":\"Shop\",\"item\":\"https:\/\/www.reddelvino.com\/es\/shop\/\"},{\"@type\":\"ListItem\",\"position\":3,\"name\":\"CAMPESINO CHARDONNAY GRAN RESERVA\"}]},{\"@type\":\"WebSite\",\"@id\":\"https:\/\/www.reddelvino.com\/es\/#website\",\"url\":\"https:\/\/www.reddelvino.com\/es\/\",\"name\":\"ReddelVino\",\"description\":\"\",\"potentialAction\":[{\"@type\":\"SearchAction\",\"target\":{\"@type\":\"EntryPoint\",\"urlTemplate\":\"https:\/\/www.reddelvino.com\/es\/?s={search_term_string}\"},\"query-input\":{\"@type\":\"PropertyValueSpecification\",\"valueRequired\":true,\"valueName\":\"search_term_string\"}}],\"inLanguage\":\"es\"}]}<\/script>\n<!-- \/ Yoast SEO plugin. -->","yoast_head_json":{"title":"CAMPESINO CHARDONNAY GRAN RESERVA - ReddelVino","robots":{"index":"index","follow":"follow","max-snippet":"max-snippet:-1","max-image-preview":"max-image-preview:large","max-video-preview":"max-video-preview:-1"},"canonical":"https:\/\/www.reddelvino.com\/es\/vino-artesanal\/campesino-chardonnay-gran-reserva\/","og_locale":"es_ES","og_type":"article","og_title":"CAMPESINO CHARDONNAY GRAN RESERVA - ReddelVino","og_description":"Vista: Color carm\u00edn muy intenso, de capa media alta, vino joven, limpio y brillante.  Aromas: Frutas como Cerezas, ciruelas maduras y moras, posee un aroma vegetal a pimiento rojo maduro, notas de mermelada y espinacas.  En boca: buen volumen en boca, con taninos maduros y balanceados que aportan suavidad, A la vez es un vino f\u00e1cil de beber y de buena acidez, que da pas\u00f3 a un prolongado y persistente final.  Maridaje: Variedad ideal para acompa\u00f1ar guisados y estofados (de carnes suaves en sabor y textura) y guisos de verduras. Aunque tambi\u00e9n puede acompa\u00f1ar pastas y pizzas con salsas de mismos ingredientes. maridaje de comida tipica el pastel de choclo y empanadas de pino.  Temperatura de servicio: 16 \u00b0 y 18\u00b0","og_url":"https:\/\/www.reddelvino.com\/es\/vino-artesanal\/campesino-chardonnay-gran-reserva\/","og_site_name":"ReddelVino","article_modified_time":"2021-07-31T17:08:13+00:00","og_image":[{"width":2000,"height":2000,"url":"https:\/\/www.reddelvino.com\/es\/wp-content\/uploads\/2020\/10\/Campesino-Chardonay-Gran-Reserva-2000.jpg","type":"image\/jpeg"}],"twitter_card":"summary_large_image","schema":{"@context":"https:\/\/schema.org","@graph":[{"@type":"WebPage","@id":"https:\/\/www.reddelvino.com\/es\/vino-artesanal\/campesino-chardonnay-gran-reserva\/","url":"https:\/\/www.reddelvino.com\/es\/vino-artesanal\/campesino-chardonnay-gran-reserva\/","name":"CAMPESINO CHARDONNAY GRAN RESERVA - ReddelVino","isPartOf":{"@id":"https:\/\/www.reddelvino.com\/es\/#website"},"primaryImageOfPage":{"@id":"https:\/\/www.reddelvino.com\/es\/vino-artesanal\/campesino-chardonnay-gran-reserva\/#primaryimage"},"image":{"@id":"https:\/\/www.reddelvino.com\/es\/vino-artesanal\/campesino-chardonnay-gran-reserva\/#primaryimage"},"thumbnailUrl":"https:\/\/www.reddelvino.com\/es\/wp-content\/uploads\/2020\/10\/Campesino-Chardonay-Gran-Reserva-2000.jpg","datePublished":"2020-10-18T14:52:49+00:00","dateModified":"2021-07-31T17:08:13+00:00","breadcrumb":{"@id":"https:\/\/www.reddelvino.com\/es\/vino-artesanal\/campesino-chardonnay-gran-reserva\/#breadcrumb"},"inLanguage":"es","potentialAction":[{"@type":"ReadAction","target":["https:\/\/www.reddelvino.com\/es\/vino-artesanal\/campesino-chardonnay-gran-reserva\/"]}]},{"@type":"ImageObject","inLanguage":"es","@id":"https:\/\/www.reddelvino.com\/es\/vino-artesanal\/campesino-chardonnay-gran-reserva\/#primaryimage","url":"https:\/\/www.reddelvino.com\/es\/wp-content\/uploads\/2020\/10\/Campesino-Chardonay-Gran-Reserva-2000.jpg","contentUrl":"https:\/\/www.reddelvino.com\/es\/wp-content\/uploads\/2020\/10\/Campesino-Chardonay-Gran-Reserva-2000.jpg","width":2000,"height":2000,"caption":"Campesino Chardonnay Gran Reserva"},{"@type":"BreadcrumbList","@id":"https:\/\/www.reddelvino.com\/es\/vino-artesanal\/campesino-chardonnay-gran-reserva\/#breadcrumb","itemListElement":[{"@type":"ListItem","position":1,"name":"Home","item":"https:\/\/www.reddelvino.com\/es\/"},{"@type":"ListItem","position":2,"name":"Shop","item":"https:\/\/www.reddelvino.com\/es\/shop\/"},{"@type":"ListItem","position":3,"name":"CAMPESINO CHARDONNAY GRAN RESERVA"}]},{"@type":"WebSite","@id":"https:\/\/www.reddelvino.com\/es\/#website","url":"https:\/\/www.reddelvino.com\/es\/","name":"ReddelVino","description":"","potentialAction":[{"@type":"SearchAction","target":{"@type":"EntryPoint","urlTemplate":"https:\/\/www.reddelvino.com\/es\/?s={search_term_string}"},"query-input":{"@type":"PropertyValueSpecification","valueRequired":true,"valueName":"search_term_string"}}],"inLanguage":"es"}]}},"_links":{"self":[{"href":"https:\/\/www.reddelvino.com\/es\/wp-json\/wp\/v2\/product\/16153","targetHints":{"allow":["GET"]}}],"collection":[{"href":"https:\/\/www.reddelvino.com\/es\/wp-json\/wp\/v2\/product"}],"about":[{"href":"https:\/\/www.reddelvino.com\/es\/wp-json\/wp\/v2\/types\/product"}],"wp:featuredmedia":[{"embeddable":true,"href":"https:\/\/www.reddelvino.com\/es\/wp-json\/wp\/v2\/media\/16477"}],"wp:attachment":[{"href":"https:\/\/www.reddelvino.com\/es\/wp-json\/wp\/v2\/media?parent=16153"}],"wp:term":[{"taxonomy":"product_brand","embeddable":true,"href":"https:\/\/www.reddelvino.com\/es\/wp-json\/wp\/v2\/product_brand?post=16153"},{"taxonomy":"product_cat","embeddable":true,"href":"https:\/\/www.reddelvino.com\/es\/wp-json\/wp\/v2\/product_cat?post=16153"},{"taxonomy":"product_tag","embeddable":true,"href":"https:\/\/www.reddelvino.com\/es\/wp-json\/wp\/v2\/product_tag?post=16153"}],"curies":[{"name":"wp","href":"https:\/\/api.w.org\/{rel}","templated":true}]}}