{"id":16580,"date":"2020-10-28T14:26:24","date_gmt":"2020-10-28T17:26:24","guid":{"rendered":"https:\/\/www.reddelvino.com\/neo\/?post_type=product&#038;p=16580"},"modified":"2022-11-10T22:39:41","modified_gmt":"2022-11-11T01:39:41","slug":"guairabo-petit-verdot","status":"publish","type":"product","link":"https:\/\/www.reddelvino.com\/es\/vino-artesanal\/guairabo-petit-verdot\/","title":{"rendered":"GUAIRABO PETIT VERDOT"},"content":{"rendered":"","protected":false},"excerpt":{"rendered":"<p>Vi\u00f1a: Valle Herradura<br \/>\nVariedad: Petit Verdot<br \/>\nD.O: Valle de Colchagua<br \/>\n<strong>Vista:<\/strong> Color rojo rub\u00ed profundo, limpio y brillante. En la copa se detecta una interesante combinaci\u00f3n de aromas a frutos negros, cafe, nuez moscada, notas tostadas y espaciadas.<br \/>\n<strong>En boca:<\/strong> Se muestra coherente con los descriptores de nariz; presenta una buena estructura, con taninos firmes, acidez media alta, armonioso y un final persistente\u00bb.<br \/>\n<strong>Maridaje:<\/strong> Carnes rojas a la parrilla, costillas de cerdo y quesos maduros.<\/p>\n","protected":false},"featured_media":17288,"template":"","meta":[],"product_brand":[],"product_cat":[77],"product_tag":[95],"class_list":{"0":"post-16580","1":"product","2":"type-product","3":"status-publish","4":"has-post-thumbnail","6":"product_cat-guairabo","7":"product_tag-petit-verdot","9":"first","10":"instock","11":"shipping-taxable","12":"purchasable","13":"product-type-simple"},"yoast_head":"<!-- This site is optimized with the Yoast SEO plugin v25.6 - https:\/\/yoast.com\/wordpress\/plugins\/seo\/ -->\n<title>GUAIRABO PETIT VERDOT - ReddelVino<\/title>\n<meta name=\"robots\" content=\"index, follow, max-snippet:-1, max-image-preview:large, max-video-preview:-1\" \/>\n<link rel=\"canonical\" href=\"https:\/\/www.reddelvino.com\/es\/vino-artesanal\/guairabo-petit-verdot\/\" \/>\n<meta property=\"og:locale\" content=\"es_ES\" \/>\n<meta property=\"og:type\" content=\"article\" \/>\n<meta property=\"og:title\" content=\"GUAIRABO PETIT VERDOT - ReddelVino\" \/>\n<meta property=\"og:description\" content=\"Vi\u00f1a: Valle Herradura Variedad: Petit Verdot D.O: Valle de Colchagua Vista: Color rojo rub\u00ed profundo, limpio y brillante. En la copa se detecta una interesante combinaci\u00f3n de aromas a frutos negros, cafe, nuez moscada, notas tostadas y espaciadas. En boca: Se muestra coherente con los descriptores de nariz; presenta una buena estructura, con taninos firmes, acidez media alta, armonioso y un final persistente&quot;. Maridaje: Carnes rojas a la parrilla, costillas de cerdo y quesos maduros.\" \/>\n<meta property=\"og:url\" content=\"https:\/\/www.reddelvino.com\/es\/vino-artesanal\/guairabo-petit-verdot\/\" \/>\n<meta property=\"og:site_name\" content=\"ReddelVino\" \/>\n<meta property=\"article:modified_time\" content=\"2022-11-11T01:39:41+00:00\" \/>\n<meta property=\"og:image\" content=\"https:\/\/www.reddelvino.com\/es\/wp-content\/uploads\/2020\/10\/0112-1.png\" \/>\n\t<meta property=\"og:image:width\" content=\"300\" \/>\n\t<meta property=\"og:image:height\" content=\"396\" \/>\n\t<meta property=\"og:image:type\" content=\"image\/png\" \/>\n<meta name=\"twitter:card\" content=\"summary_large_image\" \/>\n<script type=\"application\/ld+json\" class=\"yoast-schema-graph\">{\"@context\":\"https:\/\/schema.org\",\"@graph\":[{\"@type\":\"WebPage\",\"@id\":\"https:\/\/www.reddelvino.com\/es\/vino-artesanal\/guairabo-petit-verdot\/\",\"url\":\"https:\/\/www.reddelvino.com\/es\/vino-artesanal\/guairabo-petit-verdot\/\",\"name\":\"GUAIRABO PETIT VERDOT - ReddelVino\",\"isPartOf\":{\"@id\":\"https:\/\/www.reddelvino.com\/es\/#website\"},\"primaryImageOfPage\":{\"@id\":\"https:\/\/www.reddelvino.com\/es\/vino-artesanal\/guairabo-petit-verdot\/#primaryimage\"},\"image\":{\"@id\":\"https:\/\/www.reddelvino.com\/es\/vino-artesanal\/guairabo-petit-verdot\/#primaryimage\"},\"thumbnailUrl\":\"https:\/\/www.reddelvino.com\/es\/wp-content\/uploads\/2020\/10\/0112-1.png\",\"datePublished\":\"2020-10-28T17:26:24+00:00\",\"dateModified\":\"2022-11-11T01:39:41+00:00\",\"breadcrumb\":{\"@id\":\"https:\/\/www.reddelvino.com\/es\/vino-artesanal\/guairabo-petit-verdot\/#breadcrumb\"},\"inLanguage\":\"es\",\"potentialAction\":[{\"@type\":\"ReadAction\",\"target\":[\"https:\/\/www.reddelvino.com\/es\/vino-artesanal\/guairabo-petit-verdot\/\"]}]},{\"@type\":\"ImageObject\",\"inLanguage\":\"es\",\"@id\":\"https:\/\/www.reddelvino.com\/es\/vino-artesanal\/guairabo-petit-verdot\/#primaryimage\",\"url\":\"https:\/\/www.reddelvino.com\/es\/wp-content\/uploads\/2020\/10\/0112-1.png\",\"contentUrl\":\"https:\/\/www.reddelvino.com\/es\/wp-content\/uploads\/2020\/10\/0112-1.png\",\"width\":300,\"height\":396},{\"@type\":\"BreadcrumbList\",\"@id\":\"https:\/\/www.reddelvino.com\/es\/vino-artesanal\/guairabo-petit-verdot\/#breadcrumb\",\"itemListElement\":[{\"@type\":\"ListItem\",\"position\":1,\"name\":\"Home\",\"item\":\"https:\/\/www.reddelvino.com\/es\/\"},{\"@type\":\"ListItem\",\"position\":2,\"name\":\"Shop\",\"item\":\"https:\/\/www.reddelvino.com\/es\/shop\/\"},{\"@type\":\"ListItem\",\"position\":3,\"name\":\"GUAIRABO PETIT VERDOT\"}]},{\"@type\":\"WebSite\",\"@id\":\"https:\/\/www.reddelvino.com\/es\/#website\",\"url\":\"https:\/\/www.reddelvino.com\/es\/\",\"name\":\"ReddelVino\",\"description\":\"\",\"potentialAction\":[{\"@type\":\"SearchAction\",\"target\":{\"@type\":\"EntryPoint\",\"urlTemplate\":\"https:\/\/www.reddelvino.com\/es\/?s={search_term_string}\"},\"query-input\":{\"@type\":\"PropertyValueSpecification\",\"valueRequired\":true,\"valueName\":\"search_term_string\"}}],\"inLanguage\":\"es\"}]}<\/script>\n<!-- \/ Yoast SEO plugin. -->","yoast_head_json":{"title":"GUAIRABO PETIT VERDOT - ReddelVino","robots":{"index":"index","follow":"follow","max-snippet":"max-snippet:-1","max-image-preview":"max-image-preview:large","max-video-preview":"max-video-preview:-1"},"canonical":"https:\/\/www.reddelvino.com\/es\/vino-artesanal\/guairabo-petit-verdot\/","og_locale":"es_ES","og_type":"article","og_title":"GUAIRABO PETIT VERDOT - ReddelVino","og_description":"Vi\u00f1a: Valle Herradura Variedad: Petit Verdot D.O: Valle de Colchagua Vista: Color rojo rub\u00ed profundo, limpio y brillante. En la copa se detecta una interesante combinaci\u00f3n de aromas a frutos negros, cafe, nuez moscada, notas tostadas y espaciadas. En boca: Se muestra coherente con los descriptores de nariz; presenta una buena estructura, con taninos firmes, acidez media alta, armonioso y un final persistente\". Maridaje: Carnes rojas a la parrilla, costillas de cerdo y quesos maduros.","og_url":"https:\/\/www.reddelvino.com\/es\/vino-artesanal\/guairabo-petit-verdot\/","og_site_name":"ReddelVino","article_modified_time":"2022-11-11T01:39:41+00:00","og_image":[{"width":300,"height":396,"url":"https:\/\/www.reddelvino.com\/es\/wp-content\/uploads\/2020\/10\/0112-1.png","type":"image\/png"}],"twitter_card":"summary_large_image","schema":{"@context":"https:\/\/schema.org","@graph":[{"@type":"WebPage","@id":"https:\/\/www.reddelvino.com\/es\/vino-artesanal\/guairabo-petit-verdot\/","url":"https:\/\/www.reddelvino.com\/es\/vino-artesanal\/guairabo-petit-verdot\/","name":"GUAIRABO PETIT VERDOT - ReddelVino","isPartOf":{"@id":"https:\/\/www.reddelvino.com\/es\/#website"},"primaryImageOfPage":{"@id":"https:\/\/www.reddelvino.com\/es\/vino-artesanal\/guairabo-petit-verdot\/#primaryimage"},"image":{"@id":"https:\/\/www.reddelvino.com\/es\/vino-artesanal\/guairabo-petit-verdot\/#primaryimage"},"thumbnailUrl":"https:\/\/www.reddelvino.com\/es\/wp-content\/uploads\/2020\/10\/0112-1.png","datePublished":"2020-10-28T17:26:24+00:00","dateModified":"2022-11-11T01:39:41+00:00","breadcrumb":{"@id":"https:\/\/www.reddelvino.com\/es\/vino-artesanal\/guairabo-petit-verdot\/#breadcrumb"},"inLanguage":"es","potentialAction":[{"@type":"ReadAction","target":["https:\/\/www.reddelvino.com\/es\/vino-artesanal\/guairabo-petit-verdot\/"]}]},{"@type":"ImageObject","inLanguage":"es","@id":"https:\/\/www.reddelvino.com\/es\/vino-artesanal\/guairabo-petit-verdot\/#primaryimage","url":"https:\/\/www.reddelvino.com\/es\/wp-content\/uploads\/2020\/10\/0112-1.png","contentUrl":"https:\/\/www.reddelvino.com\/es\/wp-content\/uploads\/2020\/10\/0112-1.png","width":300,"height":396},{"@type":"BreadcrumbList","@id":"https:\/\/www.reddelvino.com\/es\/vino-artesanal\/guairabo-petit-verdot\/#breadcrumb","itemListElement":[{"@type":"ListItem","position":1,"name":"Home","item":"https:\/\/www.reddelvino.com\/es\/"},{"@type":"ListItem","position":2,"name":"Shop","item":"https:\/\/www.reddelvino.com\/es\/shop\/"},{"@type":"ListItem","position":3,"name":"GUAIRABO PETIT VERDOT"}]},{"@type":"WebSite","@id":"https:\/\/www.reddelvino.com\/es\/#website","url":"https:\/\/www.reddelvino.com\/es\/","name":"ReddelVino","description":"","potentialAction":[{"@type":"SearchAction","target":{"@type":"EntryPoint","urlTemplate":"https:\/\/www.reddelvino.com\/es\/?s={search_term_string}"},"query-input":{"@type":"PropertyValueSpecification","valueRequired":true,"valueName":"search_term_string"}}],"inLanguage":"es"}]}},"_links":{"self":[{"href":"https:\/\/www.reddelvino.com\/es\/wp-json\/wp\/v2\/product\/16580","targetHints":{"allow":["GET"]}}],"collection":[{"href":"https:\/\/www.reddelvino.com\/es\/wp-json\/wp\/v2\/product"}],"about":[{"href":"https:\/\/www.reddelvino.com\/es\/wp-json\/wp\/v2\/types\/product"}],"wp:featuredmedia":[{"embeddable":true,"href":"https:\/\/www.reddelvino.com\/es\/wp-json\/wp\/v2\/media\/17288"}],"wp:attachment":[{"href":"https:\/\/www.reddelvino.com\/es\/wp-json\/wp\/v2\/media?parent=16580"}],"wp:term":[{"taxonomy":"product_brand","embeddable":true,"href":"https:\/\/www.reddelvino.com\/es\/wp-json\/wp\/v2\/product_brand?post=16580"},{"taxonomy":"product_cat","embeddable":true,"href":"https:\/\/www.reddelvino.com\/es\/wp-json\/wp\/v2\/product_cat?post=16580"},{"taxonomy":"product_tag","embeddable":true,"href":"https:\/\/www.reddelvino.com\/es\/wp-json\/wp\/v2\/product_tag?post=16580"}],"curies":[{"name":"wp","href":"https:\/\/api.w.org\/{rel}","templated":true}]}}