{"id":16645,"date":"2020-11-06T13:02:03","date_gmt":"2020-11-06T16:02:03","guid":{"rendered":"https:\/\/www.reddelvino.com\/neo\/?post_type=product&#038;p=16645"},"modified":"2024-12-14T08:40:10","modified_gmt":"2024-12-14T11:40:10","slug":"guairabo-rose-late-harvest","status":"publish","type":"product","link":"https:\/\/www.reddelvino.com\/es\/vino-artesanal\/guairabo-rose-late-harvest\/","title":{"rendered":"GUAIRABO ROSE LATE HARVEST"},"content":{"rendered":"","protected":false},"excerpt":{"rendered":"<p>Vi\u00f1a: Valle Herradura<br \/>\nVariedad:Rose Late Harvest<br \/>\nD.O:ValledeColchagua<br \/>\nVista: De color p\u00e9tal oderosa p\u00e1lida, claro, brillante y limpio<br \/>\nAromas: nuestro DonClementeRos\u00e9tieneunanarizperfumada ynotas<br \/>\nquerecuerdanafranbuesa.<br \/>\nEnboca: es fresco y seco,decuerpo medio y de final largo.<br \/>\nMaridaje:quesos suaves comoBrieoCamembert,unaselecci\u00f3nde<br \/>\njamones, salm\u00f3n ahumado oun rico t\u00e1rtaro de at\u00fan.<br \/>\nTemperatura de servicio:12\u00b0<\/p>\n","protected":false},"featured_media":17447,"template":"","meta":[],"product_brand":[],"product_cat":[77],"product_tag":[92],"class_list":{"0":"post-16645","1":"product","2":"type-product","3":"status-publish","4":"has-post-thumbnail","6":"product_cat-guairabo","7":"product_tag-late-harvest","9":"first","10":"instock","11":"shipping-taxable","12":"purchasable","13":"product-type-simple"},"yoast_head":"<!-- This site is optimized with the Yoast SEO plugin v25.6 - https:\/\/yoast.com\/wordpress\/plugins\/seo\/ -->\n<title>GUAIRABO ROSE LATE HARVEST - ReddelVino<\/title>\n<meta name=\"robots\" content=\"index, follow, max-snippet:-1, max-image-preview:large, max-video-preview:-1\" \/>\n<link rel=\"canonical\" href=\"https:\/\/www.reddelvino.com\/es\/vino-artesanal\/guairabo-rose-late-harvest\/\" \/>\n<meta property=\"og:locale\" content=\"es_ES\" \/>\n<meta property=\"og:type\" content=\"article\" \/>\n<meta property=\"og:title\" content=\"GUAIRABO ROSE LATE HARVEST - ReddelVino\" \/>\n<meta property=\"og:description\" content=\"Vi\u00f1a: Valle Herradura Variedad:Rose Late Harvest D.O:ValledeColchagua Vista: De color p\u00e9tal oderosa p\u00e1lida, claro, brillante y limpio Aromas: nuestro DonClementeRos\u00e9tieneunanarizperfumada ynotas querecuerdanafranbuesa. Enboca: es fresco y seco,decuerpo medio y de final largo. Maridaje:quesos suaves comoBrieoCamembert,unaselecci\u00f3nde jamones, salm\u00f3n ahumado oun rico t\u00e1rtaro de at\u00fan. Temperatura de servicio:12\u00b0\" \/>\n<meta property=\"og:url\" content=\"https:\/\/www.reddelvino.com\/es\/vino-artesanal\/guairabo-rose-late-harvest\/\" \/>\n<meta property=\"og:site_name\" content=\"ReddelVino\" \/>\n<meta property=\"article:modified_time\" content=\"2024-12-14T11:40:10+00:00\" \/>\n<meta property=\"og:image\" content=\"https:\/\/www.reddelvino.com\/es\/wp-content\/uploads\/2021\/04\/Don-Clemente-Rose-2020.jpg\" \/>\n\t<meta property=\"og:image:width\" content=\"2000\" \/>\n\t<meta property=\"og:image:height\" content=\"2000\" \/>\n\t<meta property=\"og:image:type\" content=\"image\/jpeg\" \/>\n<meta name=\"twitter:card\" content=\"summary_large_image\" \/>\n<meta name=\"twitter:label1\" content=\"Tiempo de lectura\" \/>\n\t<meta name=\"twitter:data1\" content=\"1 minuto\" \/>\n<script type=\"application\/ld+json\" class=\"yoast-schema-graph\">{\"@context\":\"https:\/\/schema.org\",\"@graph\":[{\"@type\":\"WebPage\",\"@id\":\"https:\/\/www.reddelvino.com\/es\/vino-artesanal\/guairabo-rose-late-harvest\/\",\"url\":\"https:\/\/www.reddelvino.com\/es\/vino-artesanal\/guairabo-rose-late-harvest\/\",\"name\":\"GUAIRABO ROSE LATE HARVEST - ReddelVino\",\"isPartOf\":{\"@id\":\"https:\/\/www.reddelvino.com\/es\/#website\"},\"primaryImageOfPage\":{\"@id\":\"https:\/\/www.reddelvino.com\/es\/vino-artesanal\/guairabo-rose-late-harvest\/#primaryimage\"},\"image\":{\"@id\":\"https:\/\/www.reddelvino.com\/es\/vino-artesanal\/guairabo-rose-late-harvest\/#primaryimage\"},\"thumbnailUrl\":\"https:\/\/www.reddelvino.com\/es\/wp-content\/uploads\/2021\/04\/Don-Clemente-Rose-2020.jpg\",\"datePublished\":\"2020-11-06T16:02:03+00:00\",\"dateModified\":\"2024-12-14T11:40:10+00:00\",\"breadcrumb\":{\"@id\":\"https:\/\/www.reddelvino.com\/es\/vino-artesanal\/guairabo-rose-late-harvest\/#breadcrumb\"},\"inLanguage\":\"es\",\"potentialAction\":[{\"@type\":\"ReadAction\",\"target\":[\"https:\/\/www.reddelvino.com\/es\/vino-artesanal\/guairabo-rose-late-harvest\/\"]}]},{\"@type\":\"ImageObject\",\"inLanguage\":\"es\",\"@id\":\"https:\/\/www.reddelvino.com\/es\/vino-artesanal\/guairabo-rose-late-harvest\/#primaryimage\",\"url\":\"https:\/\/www.reddelvino.com\/es\/wp-content\/uploads\/2021\/04\/Don-Clemente-Rose-2020.jpg\",\"contentUrl\":\"https:\/\/www.reddelvino.com\/es\/wp-content\/uploads\/2021\/04\/Don-Clemente-Rose-2020.jpg\",\"width\":2000,\"height\":2000},{\"@type\":\"BreadcrumbList\",\"@id\":\"https:\/\/www.reddelvino.com\/es\/vino-artesanal\/guairabo-rose-late-harvest\/#breadcrumb\",\"itemListElement\":[{\"@type\":\"ListItem\",\"position\":1,\"name\":\"Home\",\"item\":\"https:\/\/www.reddelvino.com\/es\/\"},{\"@type\":\"ListItem\",\"position\":2,\"name\":\"Shop\",\"item\":\"https:\/\/www.reddelvino.com\/es\/shop\/\"},{\"@type\":\"ListItem\",\"position\":3,\"name\":\"GUAIRABO ROSE LATE HARVEST\"}]},{\"@type\":\"WebSite\",\"@id\":\"https:\/\/www.reddelvino.com\/es\/#website\",\"url\":\"https:\/\/www.reddelvino.com\/es\/\",\"name\":\"ReddelVino\",\"description\":\"\",\"potentialAction\":[{\"@type\":\"SearchAction\",\"target\":{\"@type\":\"EntryPoint\",\"urlTemplate\":\"https:\/\/www.reddelvino.com\/es\/?s={search_term_string}\"},\"query-input\":{\"@type\":\"PropertyValueSpecification\",\"valueRequired\":true,\"valueName\":\"search_term_string\"}}],\"inLanguage\":\"es\"}]}<\/script>\n<!-- \/ Yoast SEO plugin. -->","yoast_head_json":{"title":"GUAIRABO ROSE LATE HARVEST - ReddelVino","robots":{"index":"index","follow":"follow","max-snippet":"max-snippet:-1","max-image-preview":"max-image-preview:large","max-video-preview":"max-video-preview:-1"},"canonical":"https:\/\/www.reddelvino.com\/es\/vino-artesanal\/guairabo-rose-late-harvest\/","og_locale":"es_ES","og_type":"article","og_title":"GUAIRABO ROSE LATE HARVEST - ReddelVino","og_description":"Vi\u00f1a: Valle Herradura Variedad:Rose Late Harvest D.O:ValledeColchagua Vista: De color p\u00e9tal oderosa p\u00e1lida, claro, brillante y limpio Aromas: nuestro DonClementeRos\u00e9tieneunanarizperfumada ynotas querecuerdanafranbuesa. Enboca: es fresco y seco,decuerpo medio y de final largo. Maridaje:quesos suaves comoBrieoCamembert,unaselecci\u00f3nde jamones, salm\u00f3n ahumado oun rico t\u00e1rtaro de at\u00fan. Temperatura de servicio:12\u00b0","og_url":"https:\/\/www.reddelvino.com\/es\/vino-artesanal\/guairabo-rose-late-harvest\/","og_site_name":"ReddelVino","article_modified_time":"2024-12-14T11:40:10+00:00","og_image":[{"width":2000,"height":2000,"url":"https:\/\/www.reddelvino.com\/es\/wp-content\/uploads\/2021\/04\/Don-Clemente-Rose-2020.jpg","type":"image\/jpeg"}],"twitter_card":"summary_large_image","twitter_misc":{"Tiempo de lectura":"1 minuto"},"schema":{"@context":"https:\/\/schema.org","@graph":[{"@type":"WebPage","@id":"https:\/\/www.reddelvino.com\/es\/vino-artesanal\/guairabo-rose-late-harvest\/","url":"https:\/\/www.reddelvino.com\/es\/vino-artesanal\/guairabo-rose-late-harvest\/","name":"GUAIRABO ROSE LATE HARVEST - ReddelVino","isPartOf":{"@id":"https:\/\/www.reddelvino.com\/es\/#website"},"primaryImageOfPage":{"@id":"https:\/\/www.reddelvino.com\/es\/vino-artesanal\/guairabo-rose-late-harvest\/#primaryimage"},"image":{"@id":"https:\/\/www.reddelvino.com\/es\/vino-artesanal\/guairabo-rose-late-harvest\/#primaryimage"},"thumbnailUrl":"https:\/\/www.reddelvino.com\/es\/wp-content\/uploads\/2021\/04\/Don-Clemente-Rose-2020.jpg","datePublished":"2020-11-06T16:02:03+00:00","dateModified":"2024-12-14T11:40:10+00:00","breadcrumb":{"@id":"https:\/\/www.reddelvino.com\/es\/vino-artesanal\/guairabo-rose-late-harvest\/#breadcrumb"},"inLanguage":"es","potentialAction":[{"@type":"ReadAction","target":["https:\/\/www.reddelvino.com\/es\/vino-artesanal\/guairabo-rose-late-harvest\/"]}]},{"@type":"ImageObject","inLanguage":"es","@id":"https:\/\/www.reddelvino.com\/es\/vino-artesanal\/guairabo-rose-late-harvest\/#primaryimage","url":"https:\/\/www.reddelvino.com\/es\/wp-content\/uploads\/2021\/04\/Don-Clemente-Rose-2020.jpg","contentUrl":"https:\/\/www.reddelvino.com\/es\/wp-content\/uploads\/2021\/04\/Don-Clemente-Rose-2020.jpg","width":2000,"height":2000},{"@type":"BreadcrumbList","@id":"https:\/\/www.reddelvino.com\/es\/vino-artesanal\/guairabo-rose-late-harvest\/#breadcrumb","itemListElement":[{"@type":"ListItem","position":1,"name":"Home","item":"https:\/\/www.reddelvino.com\/es\/"},{"@type":"ListItem","position":2,"name":"Shop","item":"https:\/\/www.reddelvino.com\/es\/shop\/"},{"@type":"ListItem","position":3,"name":"GUAIRABO ROSE LATE HARVEST"}]},{"@type":"WebSite","@id":"https:\/\/www.reddelvino.com\/es\/#website","url":"https:\/\/www.reddelvino.com\/es\/","name":"ReddelVino","description":"","potentialAction":[{"@type":"SearchAction","target":{"@type":"EntryPoint","urlTemplate":"https:\/\/www.reddelvino.com\/es\/?s={search_term_string}"},"query-input":{"@type":"PropertyValueSpecification","valueRequired":true,"valueName":"search_term_string"}}],"inLanguage":"es"}]}},"_links":{"self":[{"href":"https:\/\/www.reddelvino.com\/es\/wp-json\/wp\/v2\/product\/16645","targetHints":{"allow":["GET"]}}],"collection":[{"href":"https:\/\/www.reddelvino.com\/es\/wp-json\/wp\/v2\/product"}],"about":[{"href":"https:\/\/www.reddelvino.com\/es\/wp-json\/wp\/v2\/types\/product"}],"wp:featuredmedia":[{"embeddable":true,"href":"https:\/\/www.reddelvino.com\/es\/wp-json\/wp\/v2\/media\/17447"}],"wp:attachment":[{"href":"https:\/\/www.reddelvino.com\/es\/wp-json\/wp\/v2\/media?parent=16645"}],"wp:term":[{"taxonomy":"product_brand","embeddable":true,"href":"https:\/\/www.reddelvino.com\/es\/wp-json\/wp\/v2\/product_brand?post=16645"},{"taxonomy":"product_cat","embeddable":true,"href":"https:\/\/www.reddelvino.com\/es\/wp-json\/wp\/v2\/product_cat?post=16645"},{"taxonomy":"product_tag","embeddable":true,"href":"https:\/\/www.reddelvino.com\/es\/wp-json\/wp\/v2\/product_tag?post=16645"}],"curies":[{"name":"wp","href":"https:\/\/api.w.org\/{rel}","templated":true}]}}